{"id":16976,"date":"2022-10-24T19:14:47","date_gmt":"2022-10-24T17:14:47","guid":{"rendered":"https:\/\/ogasaka-europe.com\/unsere-fabrik\/"},"modified":"2023-01-17T15:51:45","modified_gmt":"2023-01-17T14:51:45","slug":"unsere-fabrik","status":"publish","type":"page","link":"https:\/\/oro-brands.com\/de\/unsere-fabrik\/","title":{"rendered":"Unsere Fabrik"},"content":{"rendered":"\t\t<div data-elementor-type=\"wp-page\" data-elementor-id=\"16976\" class=\"elementor elementor-16976 elementor-14158\" data-elementor-post-type=\"page\">\n\t\t\t\t\t\t<section class=\"elementor-section elementor-top-section elementor-element elementor-element-6139fd69 elementor-section-height-min-height elementor-section-content-middle wd-section-stretch elementor-section-boxed elementor-section-height-default elementor-section-items-middle elementor-invisible\" data-id=\"6139fd69\" data-element_type=\"section\" data-e-type=\"section\" data-settings=\"{&quot;background_background&quot;:&quot;classic&quot;,&quot;animation&quot;:&quot;fadeIn&quot;}\">\n\t\t\t\t\t\t<div class=\"elementor-container elementor-column-gap-default\">\n\t\t\t\t\t<div class=\"elementor-column elementor-col-100 elementor-top-column elementor-element elementor-element-5ade3820\" data-id=\"5ade3820\" data-element_type=\"column\" data-e-type=\"column\">\n\t\t\t<div class=\"elementor-widget-wrap elementor-element-populated\">\n\t\t\t\t\t\t<div class=\"elementor-element elementor-element-0490ca6 e-transform elementor-invisible elementor-widget elementor-widget-image\" data-id=\"0490ca6\" data-element_type=\"widget\" data-e-type=\"widget\" data-settings=\"{&quot;_animation&quot;:&quot;fadeInDown&quot;,&quot;_transform_scale_effect_mobile&quot;:{&quot;unit&quot;:&quot;px&quot;,&quot;size&quot;:&quot;0.8&quot;,&quot;sizes&quot;:[]},&quot;_transform_scale_effect&quot;:{&quot;unit&quot;:&quot;px&quot;,&quot;size&quot;:&quot;&quot;,&quot;sizes&quot;:[]},&quot;_transform_scale_effect_tablet&quot;:{&quot;unit&quot;:&quot;px&quot;,&quot;size&quot;:&quot;&quot;,&quot;sizes&quot;:[]}}\" data-widget_type=\"image.default\">\n\t\t\t\t<div class=\"elementor-widget-container\">\n\t\t\t\t\t\t\t\t\t\t\t\t\t\t\t<img fetchpriority=\"high\" decoding=\"async\" width=\"768\" height=\"106\" src=\"https:\/\/oro-brands.com\/wp-content\/uploads\/2022\/11\/Fichier-1@3x-768x106.png\" class=\"attachment-medium_large size-medium_large wp-image-15966\" alt=\"\" srcset=\"https:\/\/oro-brands.com\/wp-content\/uploads\/2022\/11\/Fichier-1@3x-768x106.png 768w, https:\/\/oro-brands.com\/wp-content\/uploads\/2022\/11\/Fichier-1@3x-400x55.png 400w, https:\/\/oro-brands.com\/wp-content\/uploads\/2022\/11\/Fichier-1@3x-1300x180.png 1300w, https:\/\/oro-brands.com\/wp-content\/uploads\/2022\/11\/Fichier-1@3x-860x119.png 860w, https:\/\/oro-brands.com\/wp-content\/uploads\/2022\/11\/Fichier-1@3x-430x60.png 430w, https:\/\/oro-brands.com\/wp-content\/uploads\/2022\/11\/Fichier-1@3x-700x97.png 700w, https:\/\/oro-brands.com\/wp-content\/uploads\/2022\/11\/Fichier-1@3x-150x21.png 150w, https:\/\/oro-brands.com\/wp-content\/uploads\/2022\/11\/Fichier-1@3x.png 1343w\" sizes=\"(max-width: 768px) 100vw, 768px\" \/>\t\t\t\t\t\t\t\t\t\t\t\t\t\t\t<\/div>\n\t\t\t\t<\/div>\n\t\t\t\t<div class=\"elementor-element elementor-element-777dad70 elementor-invisible elementor-widget elementor-widget-wd_title\" data-id=\"777dad70\" data-element_type=\"widget\" data-e-type=\"widget\" data-settings=\"{&quot;_animation&quot;:&quot;fadeInUp&quot;}\" data-widget_type=\"wd_title.default\">\n\t\t\t\t<div class=\"elementor-widget-container\">\n\t\t\t\t\t\t\t<div class=\"title-wrapper set-mb-s reset-last-child wd-title-color-white wd-title-style-default wd-title-size-default text-center\">\n\n\t\t\t\n\t\t\t<div class=\"liner-continer\">\n\t\t\t\t<h4 class=\"woodmart-title-container title wd-fontsize-l\">FABRIK<\/h4> \n\t\t\t\t\t\t\t<\/div>\n\n\t\t\t\t\t<\/div>\n\t\t\t\t\t\t<\/div>\n\t\t\t\t<\/div>\n\t\t\t\t<div class=\"elementor-element elementor-element-18d2145b elementor-widget__width-auto e-transform elementor-invisible elementor-widget elementor-widget-wd_button\" data-id=\"18d2145b\" data-element_type=\"widget\" data-e-type=\"widget\" data-settings=\"{&quot;_animation&quot;:&quot;fadeInUp&quot;,&quot;_transform_scale_effect_mobile&quot;:{&quot;unit&quot;:&quot;px&quot;,&quot;size&quot;:&quot;0.8&quot;,&quot;sizes&quot;:[]},&quot;_transform_scale_effect&quot;:{&quot;unit&quot;:&quot;px&quot;,&quot;size&quot;:&quot;&quot;,&quot;sizes&quot;:[]},&quot;_transform_scale_effect_tablet&quot;:{&quot;unit&quot;:&quot;px&quot;,&quot;size&quot;:&quot;&quot;,&quot;sizes&quot;:[]}}\" data-widget_type=\"wd_button.default\">\n\t\t\t\t<div class=\"elementor-widget-container\">\n\t\t\t\t\t\t\t<div class=\"wd-button-wrapper text-center\" >\n\t\t\t<a class=\"btn btn-style-default btn-style-round btn-size-default btn-color-primary btn-icon-pos-right\"  href=\"#core-material\">\n\t\t\t\t<span class=\"wd-btn-text\" data-elementor-setting-key=\"text\">\n\t\t\t\t\tEntdecken Sie, warum unsere Skier einzigartig sind\t\t\t\t<\/span>\n\n\t\t\t\t\t\t\t<\/a>\n\t\t<\/div>\n\t\t\t\t\t\t<\/div>\n\t\t\t\t<\/div>\n\t\t\t\t\t<\/div>\n\t\t<\/div>\n\t\t\t\t\t<\/div>\n\t\t<\/section>\n\t\t\t\t<section class=\"elementor-section elementor-top-section elementor-element elementor-element-147f8409 elementor-section-content-middle wd-section-stretch-content elementor-section-boxed elementor-section-height-default elementor-section-height-default\" data-id=\"147f8409\" data-element_type=\"section\" data-e-type=\"section\" id=\"core-material\" data-settings=\"{&quot;background_background&quot;:&quot;classic&quot;}\">\n\t\t\t\t\t\t<div class=\"elementor-container elementor-column-gap-no\">\n\t\t\t\t\t<div class=\"elementor-column elementor-col-33 elementor-top-column elementor-element elementor-element-6bb18bb1\" data-id=\"6bb18bb1\" data-element_type=\"column\" data-e-type=\"column\">\n\t\t\t<div class=\"elementor-widget-wrap elementor-element-populated\">\n\t\t\t\t\t\t<div class=\"elementor-element elementor-element-7a788683 elementor-widget elementor-widget-heading\" data-id=\"7a788683\" data-element_type=\"widget\" data-e-type=\"widget\" data-widget_type=\"heading.default\">\n\t\t\t\t<div class=\"elementor-widget-container\">\n\t\t\t\t\t<h3 class=\"elementor-heading-title elementor-size-default\">\u00dcber Holz<\/h3>\t\t\t\t<\/div>\n\t\t\t\t<\/div>\n\t\t\t\t<div class=\"elementor-element elementor-element-4a741390 elementor-widget-divider--view-line elementor-widget elementor-widget-divider\" data-id=\"4a741390\" data-element_type=\"widget\" data-e-type=\"widget\" data-widget_type=\"divider.default\">\n\t\t\t\t<div class=\"elementor-widget-container\">\n\t\t\t\t\t\t\t<div class=\"elementor-divider\">\n\t\t\t<span class=\"elementor-divider-separator\">\n\t\t\t\t\t\t<\/span>\n\t\t<\/div>\n\t\t\t\t\t\t<\/div>\n\t\t\t\t<\/div>\n\t\t\t\t\t<\/div>\n\t\t<\/div>\n\t\t\t\t<div class=\"elementor-column elementor-col-33 elementor-top-column elementor-element elementor-element-32bbd169\" data-id=\"32bbd169\" data-element_type=\"column\" data-e-type=\"column\">\n\t\t\t<div class=\"elementor-widget-wrap elementor-element-populated\">\n\t\t\t\t\t\t<div class=\"elementor-element elementor-element-209d1231 elementor-widget elementor-widget-image\" data-id=\"209d1231\" data-element_type=\"widget\" data-e-type=\"widget\" data-widget_type=\"image.default\">\n\t\t\t\t<div class=\"elementor-widget-container\">\n\t\t\t\t\t\t\t\t\t\t\t\t\t\t\t<img decoding=\"async\" width=\"1000\" height=\"563\" data-src=\"https:\/\/oro-brands.com\/wp-content\/uploads\/2022\/11\/factory_2.jpg\" class=\"elementor-animation-grow attachment-full size-full wp-image-15958 lazyload\" alt=\"\" data-srcset=\"https:\/\/oro-brands.com\/wp-content\/uploads\/2022\/11\/factory_2.jpg 1000w, https:\/\/oro-brands.com\/wp-content\/uploads\/2022\/11\/factory_2-400x225.jpg 400w, https:\/\/oro-brands.com\/wp-content\/uploads\/2022\/11\/factory_2-768x432.jpg 768w, https:\/\/oro-brands.com\/wp-content\/uploads\/2022\/11\/factory_2-860x484.jpg 860w, https:\/\/oro-brands.com\/wp-content\/uploads\/2022\/11\/factory_2-430x242.jpg 430w, https:\/\/oro-brands.com\/wp-content\/uploads\/2022\/11\/factory_2-700x394.jpg 700w, https:\/\/oro-brands.com\/wp-content\/uploads\/2022\/11\/factory_2-150x84.jpg 150w\" data-sizes=\"(max-width: 1000px) 100vw, 1000px\" src=\"data:image\/svg+xml;base64,PHN2ZyB3aWR0aD0iMSIgaGVpZ2h0PSIxIiB4bWxucz0iaHR0cDovL3d3dy53My5vcmcvMjAwMC9zdmciPjwvc3ZnPg==\" style=\"--smush-placeholder-width: 1000px; --smush-placeholder-aspect-ratio: 1000\/563;\" \/>\t\t\t\t\t\t\t\t\t\t\t\t\t\t\t<\/div>\n\t\t\t\t<\/div>\n\t\t\t\t<div class=\"elementor-element elementor-element-3c79947d color-scheme-inherit text-left elementor-widget elementor-widget-text-editor\" data-id=\"3c79947d\" data-element_type=\"widget\" data-e-type=\"widget\" data-widget_type=\"text-editor.default\">\n\t\t\t\t<div class=\"elementor-widget-container\">\n\t\t\t\t\t\t\t\t\t<p><span class=\"gmail-_textbox_1gl8y_17\">Wir gehen bei der Herstellung keine Kompromisse ein, um auch weiterhin an <\/span><span class=\"gmail-_textbox_1gl8y_17\">die h\u00f6chste Qualit\u00e4t zu erreichen. <\/span><span class=\"gmail-_textbox_1gl8y_17\">Zu diesem Zweck werden alle Materialien, die bei der Konstruktion verwendet werden, eingehend und intern <\/span><span class=\"gmail-_textbox_1gl8y_17\">intern gepr\u00fcft.<\/span><\/p>\n<p>Es ist zum gro\u00dfen Teil die Qualit\u00e4t unseres Holzes, die die Leistung, die St\u00e4rke und die Haltbarkeit des Skik\u00f6rpers bestimmt.<\/p>\n<p>Die Herstellung des Grundkerns f\u00fcr den Ogasaka-Ski beginnt mit dem S\u00e4gen und anschlie\u00dfendem Stapeln der Holzscheite f\u00fcr zwei Jahre, um sie nat\u00fcrlich zu trocknen.Danach durchl\u00e4uft das Holz \u00fcber einen Monat lang die k\u00fcnstliche Trocknung, und dann beginnen wir mit der Verarbeitung des Holzes.<\/p>\n\t\t\t\t\t\t\t\t<\/div>\n\t\t\t\t<\/div>\n\t\t\t\t\t<\/div>\n\t\t<\/div>\n\t\t\t\t<div class=\"elementor-column elementor-col-33 elementor-top-column elementor-element elementor-element-71d94c33\" data-id=\"71d94c33\" data-element_type=\"column\" data-e-type=\"column\">\n\t\t\t<div class=\"elementor-widget-wrap elementor-element-populated\">\n\t\t\t\t\t\t<div class=\"elementor-element elementor-element-274b02d7 color-scheme-inherit text-left elementor-widget elementor-widget-text-editor\" data-id=\"274b02d7\" data-element_type=\"widget\" data-e-type=\"widget\" data-widget_type=\"text-editor.default\">\n\t\t\t\t<div class=\"elementor-widget-container\">\n\t\t\t\t\t\t\t\t\t<p>Bei Ogasaka Ski stellen wir den Holzkern in unserer eigenen Fabrik nach strengen Normen her.<span style=\"font-size: 15px\"> <\/span><\/p>\n<p><span style=\"font-size: 15px\">Das von uns verwendete Holz hat hervorragende Vibrations- und Festigkeitseigenschaften und ist daher ideal f\u00fcr den Bau Ihrer Skier.<\/span><\/p>\n<div> <\/div>\n\t\t\t\t\t\t\t\t<\/div>\n\t\t\t\t<\/div>\n\t\t\t\t<div class=\"elementor-element elementor-element-635a1b83 elementor-widget elementor-widget-image\" data-id=\"635a1b83\" data-element_type=\"widget\" data-e-type=\"widget\" data-widget_type=\"image.default\">\n\t\t\t\t<div class=\"elementor-widget-container\">\n\t\t\t\t\t\t\t\t\t\t\t\t\t\t\t<img decoding=\"async\" width=\"1000\" height=\"563\" data-src=\"https:\/\/oro-brands.com\/wp-content\/uploads\/2022\/11\/factory_3.jpg\" class=\"elementor-animation-grow attachment-full size-full wp-image-15960 lazyload\" alt=\"\" data-srcset=\"https:\/\/oro-brands.com\/wp-content\/uploads\/2022\/11\/factory_3.jpg 1000w, https:\/\/oro-brands.com\/wp-content\/uploads\/2022\/11\/factory_3-400x225.jpg 400w, https:\/\/oro-brands.com\/wp-content\/uploads\/2022\/11\/factory_3-768x432.jpg 768w, https:\/\/oro-brands.com\/wp-content\/uploads\/2022\/11\/factory_3-860x484.jpg 860w, https:\/\/oro-brands.com\/wp-content\/uploads\/2022\/11\/factory_3-430x242.jpg 430w, https:\/\/oro-brands.com\/wp-content\/uploads\/2022\/11\/factory_3-700x394.jpg 700w, https:\/\/oro-brands.com\/wp-content\/uploads\/2022\/11\/factory_3-150x84.jpg 150w\" data-sizes=\"(max-width: 1000px) 100vw, 1000px\" src=\"data:image\/svg+xml;base64,PHN2ZyB3aWR0aD0iMSIgaGVpZ2h0PSIxIiB4bWxucz0iaHR0cDovL3d3dy53My5vcmcvMjAwMC9zdmciPjwvc3ZnPg==\" style=\"--smush-placeholder-width: 1000px; --smush-placeholder-aspect-ratio: 1000\/563;\" \/>\t\t\t\t\t\t\t\t\t\t\t\t\t\t\t<\/div>\n\t\t\t\t<\/div>\n\t\t\t\t\t<\/div>\n\t\t<\/div>\n\t\t\t\t\t<\/div>\n\t\t<\/section>\n\t\t\t\t<section class=\"elementor-section elementor-top-section elementor-element elementor-element-5e2389a wd-section-stretch-content elementor-section-boxed elementor-section-height-default elementor-section-height-default\" data-id=\"5e2389a\" data-element_type=\"section\" data-e-type=\"section\" data-settings=\"{&quot;background_background&quot;:&quot;classic&quot;}\">\n\t\t\t\t\t\t<div class=\"elementor-container elementor-column-gap-default\">\n\t\t\t\t\t<div class=\"elementor-column elementor-col-100 elementor-top-column elementor-element elementor-element-b46ef79\" data-id=\"b46ef79\" data-element_type=\"column\" data-e-type=\"column\">\n\t\t\t<div class=\"elementor-widget-wrap elementor-element-populated\">\n\t\t\t\t\t\t<div class=\"elementor-element elementor-element-17bfe1ad e-transform elementor-widget elementor-widget-wd_image_or_svg\" data-id=\"17bfe1ad\" data-element_type=\"widget\" data-e-type=\"widget\" data-settings=\"{&quot;_transform_scale_effect_mobile&quot;:{&quot;unit&quot;:&quot;px&quot;,&quot;size&quot;:&quot;0.7&quot;,&quot;sizes&quot;:[]},&quot;_transform_scale_effect&quot;:{&quot;unit&quot;:&quot;px&quot;,&quot;size&quot;:&quot;&quot;,&quot;sizes&quot;:[]},&quot;_transform_scale_effect_tablet&quot;:{&quot;unit&quot;:&quot;px&quot;,&quot;size&quot;:&quot;&quot;,&quot;sizes&quot;:[]}}\" data-widget_type=\"wd_image_or_svg.default\">\n\t\t\t\t<div class=\"elementor-widget-container\">\n\t\t\t\t\t\n\t\t<div class=\"wd-image text-center\">\n\t\t\t\t\t\t\t\t<img decoding=\"async\" width=\"1343\" height=\"186\" data-src=\"https:\/\/oro-brands.com\/wp-content\/uploads\/2022\/11\/Fichier-1@3x.png\" class=\"attachment-full size-full lazyload\" alt=\"\" data-srcset=\"https:\/\/oro-brands.com\/wp-content\/uploads\/2022\/11\/Fichier-1@3x.png 1343w, https:\/\/oro-brands.com\/wp-content\/uploads\/2022\/11\/Fichier-1@3x-400x55.png 400w, https:\/\/oro-brands.com\/wp-content\/uploads\/2022\/11\/Fichier-1@3x-1300x180.png 1300w, https:\/\/oro-brands.com\/wp-content\/uploads\/2022\/11\/Fichier-1@3x-768x106.png 768w, https:\/\/oro-brands.com\/wp-content\/uploads\/2022\/11\/Fichier-1@3x-860x119.png 860w, https:\/\/oro-brands.com\/wp-content\/uploads\/2022\/11\/Fichier-1@3x-430x60.png 430w, https:\/\/oro-brands.com\/wp-content\/uploads\/2022\/11\/Fichier-1@3x-700x97.png 700w, https:\/\/oro-brands.com\/wp-content\/uploads\/2022\/11\/Fichier-1@3x-150x21.png 150w\" data-sizes=\"(max-width: 1343px) 100vw, 1343px\" src=\"data:image\/svg+xml;base64,PHN2ZyB3aWR0aD0iMSIgaGVpZ2h0PSIxIiB4bWxucz0iaHR0cDovL3d3dy53My5vcmcvMjAwMC9zdmciPjwvc3ZnPg==\" style=\"--smush-placeholder-width: 1343px; --smush-placeholder-aspect-ratio: 1343\/186;\" \/>\t\t\t\t\t<\/div>\n\n\t\t\t\t\t\t<\/div>\n\t\t\t\t<\/div>\n\t\t\t\t\t<\/div>\n\t\t<\/div>\n\t\t\t\t\t<\/div>\n\t\t<\/section>\n\t\t\t\t<section class=\"elementor-section elementor-top-section elementor-element elementor-element-2dfc18b wd-section-stretch-content elementor-section-content-middle elementor-section-boxed elementor-section-height-default elementor-section-height-default\" data-id=\"2dfc18b\" data-element_type=\"section\" data-e-type=\"section\" data-settings=\"{&quot;background_background&quot;:&quot;classic&quot;}\">\n\t\t\t\t\t\t<div class=\"elementor-container elementor-column-gap-no\">\n\t\t\t\t\t<div class=\"elementor-column elementor-col-100 elementor-top-column elementor-element elementor-element-71ebf816 color-scheme-light\" data-id=\"71ebf816\" data-element_type=\"column\" data-e-type=\"column\" data-settings=\"{&quot;background_background&quot;:&quot;classic&quot;}\">\n\t\t\t<div class=\"elementor-widget-wrap elementor-element-populated\">\n\t\t\t\t\t\t<div class=\"elementor-element elementor-element-20187ea8 elementor-widget elementor-widget-wd_title\" data-id=\"20187ea8\" data-element_type=\"widget\" data-e-type=\"widget\" data-widget_type=\"wd_title.default\">\n\t\t\t\t<div class=\"elementor-widget-container\">\n\t\t\t\t\t\t\t<div class=\"title-wrapper set-mb-s reset-last-child wd-title-color-default wd-title-style-default wd-title-size-default text-center\">\n\n\t\t\t\n\t\t\t<div class=\"liner-continer\">\n\t\t\t\t<h4 class=\"woodmart-title-container title wd-fontsize-l\">Alle unsere Skier werden in Nagano, Japan, hergestellt.<\/h4> \n\t\t\t\t\t\t\t<\/div>\n\n\t\t\t\t\t\t\t<div class=\"title-after_title set-cont-mb-s reset-last-child wd-fontsize-xs\">\n\t\t\t\t\t<p> <\/p><p>Wir verbringen viel Zeit damit, sicherzustellen, dass sich das Ausgangsmaterial w\u00e4hrend der Produktion nicht ausdehnt oder schrumpft. Da Ihre Skier aus demselben Baum (Grundblock) hergestellt werden, gibt es keinen Unterschied in der H\u00e4rte zwischen Ihrem rechten oder linken Ski oder in der Art und Weise, wie sie sich biegen. Durch die Verwendung von sorgf\u00e4ltig ausgew\u00e4hltem Holz auf diese Weise ist Ogasaka sicherlich eine der wenigen Marken, die diesen Teil der Produktion gew\u00e4hrleisten k\u00f6nnen.<\/p>\t\t\t\t<\/div>\n\t\t\t\t\t<\/div>\n\t\t\t\t\t\t<\/div>\n\t\t\t\t<\/div>\n\t\t\t\t\t<\/div>\n\t\t<\/div>\n\t\t\t\t\t<\/div>\n\t\t<\/section>\n\t\t\t\t<\/div>\n\t\t","protected":false},"excerpt":{"rendered":"<p>FABRIK Entdecken Sie, warum unsere Skier einzigartig sind \u00dcber Holz Wir gehen bei der Herstellung keine Kompromisse ein, um auch<\/p>\n","protected":false},"author":1,"featured_media":0,"parent":0,"menu_order":0,"comment_status":"closed","ping_status":"closed","template":"","meta":{"footnotes":""},"class_list":["post-16976","page","type-page","status-publish","hentry"],"yoast_head":"<!-- This site is optimized with the Yoast SEO plugin v27.3 - https:\/\/yoast.com\/product\/yoast-seo-wordpress\/ -->\n<title>Unsere Fabrik - ORO | Ogasaka - Rexxam - Onyone - site officiel<\/title>\n<meta name=\"description\" content=\"Alle Ogasaka-Ski werden in Nagano, Japan, in unseren Werkst\u00e4tten gebaut. Japanische Pr\u00e4zision f\u00fcr ein einzigartiges Fahrgef\u00fchl.\" \/>\n<meta name=\"robots\" content=\"index, follow, max-snippet:-1, max-image-preview:large, max-video-preview:-1\" \/>\n<link rel=\"canonical\" href=\"https:\/\/oro-brands.com\/de\/unsere-fabrik\/\" \/>\n<meta property=\"og:locale\" content=\"de_DE\" \/>\n<meta property=\"og:type\" content=\"article\" \/>\n<meta property=\"og:title\" content=\"Unsere Fabrik - ORO | Ogasaka - Rexxam - Onyone - site officiel\" \/>\n<meta property=\"og:description\" content=\"Alle Ogasaka-Ski werden in Nagano, Japan, in unseren Werkst\u00e4tten gebaut. Japanische Pr\u00e4zision f\u00fcr ein einzigartiges Fahrgef\u00fchl.\" \/>\n<meta property=\"og:url\" content=\"https:\/\/oro-brands.com\/de\/unsere-fabrik\/\" \/>\n<meta property=\"og:site_name\" content=\"ORO | Ogasaka - Rexxam - Onyone - site officiel\" \/>\n<meta property=\"article:modified_time\" content=\"2023-01-17T14:51:45+00:00\" \/>\n<meta property=\"og:image\" content=\"https:\/\/ogasaka-europe.com\/wp-content\/uploads\/2022\/11\/Fichier-1@3x-768x106.png\" \/>\n<meta name=\"twitter:card\" content=\"summary_large_image\" \/>\n<meta name=\"twitter:label1\" content=\"Gesch\u00e4tzte Lesezeit\" \/>\n\t<meta name=\"twitter:data1\" content=\"3\u00a0Minuten\" \/>\n<script type=\"application\/ld+json\" class=\"yoast-schema-graph\">{\"@context\":\"https:\\\/\\\/schema.org\",\"@graph\":[{\"@type\":\"WebPage\",\"@id\":\"https:\\\/\\\/oro-brands.com\\\/de\\\/unsere-fabrik\\\/\",\"url\":\"https:\\\/\\\/oro-brands.com\\\/de\\\/unsere-fabrik\\\/\",\"name\":\"Unsere Fabrik - ORO | Ogasaka - Rexxam - Onyone - site officiel\",\"isPartOf\":{\"@id\":\"https:\\\/\\\/oro-brands.com\\\/de\\\/#website\"},\"primaryImageOfPage\":{\"@id\":\"https:\\\/\\\/oro-brands.com\\\/de\\\/unsere-fabrik\\\/#primaryimage\"},\"image\":{\"@id\":\"https:\\\/\\\/oro-brands.com\\\/de\\\/unsere-fabrik\\\/#primaryimage\"},\"thumbnailUrl\":\"https:\\\/\\\/ogasaka-europe.com\\\/wp-content\\\/uploads\\\/2022\\\/11\\\/Fichier-1@3x-768x106.png\",\"datePublished\":\"2022-10-24T17:14:47+00:00\",\"dateModified\":\"2023-01-17T14:51:45+00:00\",\"description\":\"Alle Ogasaka-Ski werden in Nagano, Japan, in unseren Werkst\u00e4tten gebaut. Japanische Pr\u00e4zision f\u00fcr ein einzigartiges Fahrgef\u00fchl.\",\"breadcrumb\":{\"@id\":\"https:\\\/\\\/oro-brands.com\\\/de\\\/unsere-fabrik\\\/#breadcrumb\"},\"inLanguage\":\"de\",\"potentialAction\":[{\"@type\":\"ReadAction\",\"target\":[\"https:\\\/\\\/oro-brands.com\\\/de\\\/unsere-fabrik\\\/\"]}]},{\"@type\":\"ImageObject\",\"inLanguage\":\"de\",\"@id\":\"https:\\\/\\\/oro-brands.com\\\/de\\\/unsere-fabrik\\\/#primaryimage\",\"url\":\"https:\\\/\\\/ogasaka-europe.com\\\/wp-content\\\/uploads\\\/2022\\\/11\\\/Fichier-1@3x-768x106.png\",\"contentUrl\":\"https:\\\/\\\/ogasaka-europe.com\\\/wp-content\\\/uploads\\\/2022\\\/11\\\/Fichier-1@3x-768x106.png\"},{\"@type\":\"BreadcrumbList\",\"@id\":\"https:\\\/\\\/oro-brands.com\\\/de\\\/unsere-fabrik\\\/#breadcrumb\",\"itemListElement\":[{\"@type\":\"ListItem\",\"position\":1,\"name\":\"Accueil\",\"item\":\"https:\\\/\\\/oro-brands.com\\\/de\\\/home-ogasaka\\\/\"},{\"@type\":\"ListItem\",\"position\":2,\"name\":\"Unsere Fabrik\"}]},{\"@type\":\"WebSite\",\"@id\":\"https:\\\/\\\/oro-brands.com\\\/de\\\/#website\",\"url\":\"https:\\\/\\\/oro-brands.com\\\/de\\\/\",\"name\":\"ORO | Ogasaka - Rexxam - Onyone - site officiel\",\"description\":\"Bienvenue dans le monde Ogasaka\",\"publisher\":{\"@id\":\"https:\\\/\\\/oro-brands.com\\\/de\\\/#organization\"},\"potentialAction\":[{\"@type\":\"SearchAction\",\"target\":{\"@type\":\"EntryPoint\",\"urlTemplate\":\"https:\\\/\\\/oro-brands.com\\\/de\\\/?s={search_term_string}\"},\"query-input\":{\"@type\":\"PropertyValueSpecification\",\"valueRequired\":true,\"valueName\":\"search_term_string\"}}],\"inLanguage\":\"de\"},{\"@type\":\"Organization\",\"@id\":\"https:\\\/\\\/oro-brands.com\\\/de\\\/#organization\",\"name\":\"ORO | Ogasaka - Rexxam - Onyone - site officiel\",\"url\":\"https:\\\/\\\/oro-brands.com\\\/de\\\/\",\"logo\":{\"@type\":\"ImageObject\",\"inLanguage\":\"de\",\"@id\":\"https:\\\/\\\/oro-brands.com\\\/de\\\/#\\\/schema\\\/logo\\\/image\\\/\",\"url\":\"https:\\\/\\\/ogasaka-europe.com\\\/wp-content\\\/uploads\\\/2023\\\/01\\\/charles.png\",\"contentUrl\":\"https:\\\/\\\/ogasaka-europe.com\\\/wp-content\\\/uploads\\\/2023\\\/01\\\/charles.png\",\"width\":1163,\"height\":1163,\"caption\":\"ORO | Ogasaka - Rexxam - Onyone - site officiel\"},\"image\":{\"@id\":\"https:\\\/\\\/oro-brands.com\\\/de\\\/#\\\/schema\\\/logo\\\/image\\\/\"}}]}<\/script>\n<!-- \/ Yoast SEO plugin. -->","yoast_head_json":{"title":"Unsere Fabrik - ORO | Ogasaka - Rexxam - Onyone - site officiel","description":"Alle Ogasaka-Ski werden in Nagano, Japan, in unseren Werkst\u00e4tten gebaut. Japanische Pr\u00e4zision f\u00fcr ein einzigartiges Fahrgef\u00fchl.","robots":{"index":"index","follow":"follow","max-snippet":"max-snippet:-1","max-image-preview":"max-image-preview:large","max-video-preview":"max-video-preview:-1"},"canonical":"https:\/\/oro-brands.com\/de\/unsere-fabrik\/","og_locale":"de_DE","og_type":"article","og_title":"Unsere Fabrik - ORO | Ogasaka - Rexxam - Onyone - site officiel","og_description":"Alle Ogasaka-Ski werden in Nagano, Japan, in unseren Werkst\u00e4tten gebaut. Japanische Pr\u00e4zision f\u00fcr ein einzigartiges Fahrgef\u00fchl.","og_url":"https:\/\/oro-brands.com\/de\/unsere-fabrik\/","og_site_name":"ORO | Ogasaka - Rexxam - Onyone - site officiel","article_modified_time":"2023-01-17T14:51:45+00:00","og_image":[{"url":"https:\/\/ogasaka-europe.com\/wp-content\/uploads\/2022\/11\/Fichier-1@3x-768x106.png","type":"","width":"","height":""}],"twitter_card":"summary_large_image","twitter_misc":{"Gesch\u00e4tzte Lesezeit":"3\u00a0Minuten"},"schema":{"@context":"https:\/\/schema.org","@graph":[{"@type":"WebPage","@id":"https:\/\/oro-brands.com\/de\/unsere-fabrik\/","url":"https:\/\/oro-brands.com\/de\/unsere-fabrik\/","name":"Unsere Fabrik - ORO | Ogasaka - Rexxam - Onyone - site officiel","isPartOf":{"@id":"https:\/\/oro-brands.com\/de\/#website"},"primaryImageOfPage":{"@id":"https:\/\/oro-brands.com\/de\/unsere-fabrik\/#primaryimage"},"image":{"@id":"https:\/\/oro-brands.com\/de\/unsere-fabrik\/#primaryimage"},"thumbnailUrl":"https:\/\/ogasaka-europe.com\/wp-content\/uploads\/2022\/11\/Fichier-1@3x-768x106.png","datePublished":"2022-10-24T17:14:47+00:00","dateModified":"2023-01-17T14:51:45+00:00","description":"Alle Ogasaka-Ski werden in Nagano, Japan, in unseren Werkst\u00e4tten gebaut. Japanische Pr\u00e4zision f\u00fcr ein einzigartiges Fahrgef\u00fchl.","breadcrumb":{"@id":"https:\/\/oro-brands.com\/de\/unsere-fabrik\/#breadcrumb"},"inLanguage":"de","potentialAction":[{"@type":"ReadAction","target":["https:\/\/oro-brands.com\/de\/unsere-fabrik\/"]}]},{"@type":"ImageObject","inLanguage":"de","@id":"https:\/\/oro-brands.com\/de\/unsere-fabrik\/#primaryimage","url":"https:\/\/ogasaka-europe.com\/wp-content\/uploads\/2022\/11\/Fichier-1@3x-768x106.png","contentUrl":"https:\/\/ogasaka-europe.com\/wp-content\/uploads\/2022\/11\/Fichier-1@3x-768x106.png"},{"@type":"BreadcrumbList","@id":"https:\/\/oro-brands.com\/de\/unsere-fabrik\/#breadcrumb","itemListElement":[{"@type":"ListItem","position":1,"name":"Accueil","item":"https:\/\/oro-brands.com\/de\/home-ogasaka\/"},{"@type":"ListItem","position":2,"name":"Unsere Fabrik"}]},{"@type":"WebSite","@id":"https:\/\/oro-brands.com\/de\/#website","url":"https:\/\/oro-brands.com\/de\/","name":"ORO | Ogasaka - Rexxam - Onyone - site officiel","description":"Bienvenue dans le monde Ogasaka","publisher":{"@id":"https:\/\/oro-brands.com\/de\/#organization"},"potentialAction":[{"@type":"SearchAction","target":{"@type":"EntryPoint","urlTemplate":"https:\/\/oro-brands.com\/de\/?s={search_term_string}"},"query-input":{"@type":"PropertyValueSpecification","valueRequired":true,"valueName":"search_term_string"}}],"inLanguage":"de"},{"@type":"Organization","@id":"https:\/\/oro-brands.com\/de\/#organization","name":"ORO | Ogasaka - Rexxam - Onyone - site officiel","url":"https:\/\/oro-brands.com\/de\/","logo":{"@type":"ImageObject","inLanguage":"de","@id":"https:\/\/oro-brands.com\/de\/#\/schema\/logo\/image\/","url":"https:\/\/ogasaka-europe.com\/wp-content\/uploads\/2023\/01\/charles.png","contentUrl":"https:\/\/ogasaka-europe.com\/wp-content\/uploads\/2023\/01\/charles.png","width":1163,"height":1163,"caption":"ORO | Ogasaka - Rexxam - Onyone - site officiel"},"image":{"@id":"https:\/\/oro-brands.com\/de\/#\/schema\/logo\/image\/"}}]}},"_links":{"self":[{"href":"https:\/\/oro-brands.com\/de\/wp-json\/wp\/v2\/pages\/16976","targetHints":{"allow":["GET"]}}],"collection":[{"href":"https:\/\/oro-brands.com\/de\/wp-json\/wp\/v2\/pages"}],"about":[{"href":"https:\/\/oro-brands.com\/de\/wp-json\/wp\/v2\/types\/page"}],"author":[{"embeddable":true,"href":"https:\/\/oro-brands.com\/de\/wp-json\/wp\/v2\/users\/1"}],"replies":[{"embeddable":true,"href":"https:\/\/oro-brands.com\/de\/wp-json\/wp\/v2\/comments?post=16976"}],"version-history":[{"count":7,"href":"https:\/\/oro-brands.com\/de\/wp-json\/wp\/v2\/pages\/16976\/revisions"}],"predecessor-version":[{"id":18596,"href":"https:\/\/oro-brands.com\/de\/wp-json\/wp\/v2\/pages\/16976\/revisions\/18596"}],"wp:attachment":[{"href":"https:\/\/oro-brands.com\/de\/wp-json\/wp\/v2\/media?parent=16976"}],"curies":[{"name":"wp","href":"https:\/\/api.w.org\/{rel}","templated":true}]}}