{"id":17150,"date":"2022-12-23T06:14:47","date_gmt":"2022-12-23T05:14:47","guid":{"rendered":"https:\/\/ogasaka-europe.com\/technologien\/"},"modified":"2023-01-17T03:38:38","modified_gmt":"2023-01-17T02:38:38","slug":"technologien","status":"publish","type":"page","link":"https:\/\/oro-brands.com\/de\/technologien\/","title":{"rendered":"TECHNOLOGIEN"},"content":{"rendered":"\t\t<div data-elementor-type=\"wp-page\" data-elementor-id=\"17150\" class=\"elementor elementor-17150 elementor-16894\" data-elementor-post-type=\"page\">\n\t\t\t\t\t\t<section class=\"elementor-section elementor-top-section elementor-element elementor-element-7e038633 elementor-section-content-middle wd-section-stretch elementor-section-boxed elementor-section-height-default elementor-section-height-default\" data-id=\"7e038633\" data-element_type=\"section\" data-e-type=\"section\" data-settings=\"{&quot;background_background&quot;:&quot;classic&quot;}\">\n\t\t\t\t\t\t<div class=\"elementor-container elementor-column-gap-default\">\n\t\t\t\t\t<div class=\"elementor-column elementor-col-33 elementor-top-column elementor-element elementor-element-2484ab65\" data-id=\"2484ab65\" data-element_type=\"column\" data-e-type=\"column\">\n\t\t\t<div class=\"elementor-widget-wrap elementor-element-populated\">\n\t\t\t\t\t\t<div class=\"elementor-element elementor-element-19bcebe0 elementor-widget elementor-widget-wd_infobox\" data-id=\"19bcebe0\" data-element_type=\"widget\" data-e-type=\"widget\" data-widget_type=\"wd_infobox.default\">\n\t\t\t\t<div class=\"elementor-widget-container\">\n\t\t\t\t\t\t\t<div class=\"info-box-wrapper\">\n\t\t\t<div class=\"wd-info-box text-center box-icon-align-top box-style-base color-scheme- cursor-pointer\" onclick=\"window.location.href='#'\" style=\"\">\n\t\t\t\t\t\t\t\t\t<div class=\"box-icon-wrapper  box-with-icon box-icon-simple\">\n\t\t\t\t\t\t<div class=\"info-box-icon\">\n\t\t\t\t\t\t\t\t\t\t\t\t\t\t\t<img decoding=\"async\" width=\"85\" height=\"36\" data-src=\"https:\/\/oro-brands.com\/wp-content\/uploads\/2022\/10\/ffs-l.png\" class=\"attachment-full size-full lazyload\" alt=\"\" src=\"data:image\/svg+xml;base64,PHN2ZyB3aWR0aD0iMSIgaGVpZ2h0PSIxIiB4bWxucz0iaHR0cDovL3d3dy53My5vcmcvMjAwMC9zdmciPjwvc3ZnPg==\" style=\"--smush-placeholder-width: 85px; --smush-placeholder-aspect-ratio: 85\/36;\" \/>\t\t\t\t\t\t\t\t\t\t\t\t\t<\/div>\n\t\t\t\t\t<\/div>\n\t\t\t\t\n\t\t\t\t<div class=\"info-box-content\">\n\t\t\t\t\t\n\t\t\t\t\t\t\t\t\t\t\t<h4\t\t\t\t\t\tclass=\"info-box-title title box-title-style-default wd-fontsize-xl\" data-elementor-setting-key=\"title\">\n\t\t\t\t\t\t\t\tFFS: Vorw\u00e4rtsflattern\t\t\t\t\t\t<\/h4>\n\t\t\t\t\t\n\t\t\t\t\t<div class=\"info-box-inner set-cont-mb-s reset-last-child\"data-elementor-setting-key=\"content\"><p>Das FFS-System ist ein Front-Rocker-System, es interagiert mit der Front-F\u00fchrungsfunktion (FLF), um den Widerstand des Skis optimal auf den Schnee zu verteilen. Er schafft stabilen Grip und Spurtreue in Kurven, unabh\u00e4ngig von der Schneequalit\u00e4t und dem Neigungswinkel.<\/p>\n<\/div>\n\t\n\t\t\t\t\t\t\t\t\t<\/div>\n\t\t\t<\/div>\n\t\t<\/div>\n\t\t\t\t\t\t<\/div>\n\t\t\t\t<\/div>\n\t\t\t\t<div class=\"elementor-element elementor-element-49c7550b elementor-widget elementor-widget-wd_infobox\" data-id=\"49c7550b\" data-element_type=\"widget\" data-e-type=\"widget\" data-widget_type=\"wd_infobox.default\">\n\t\t\t\t<div class=\"elementor-widget-container\">\n\t\t\t\t\t\t\t<div class=\"info-box-wrapper\">\n\t\t\t<div class=\"wd-info-box text-center box-icon-align-top box-style-base color-scheme- cursor-pointer\" onclick=\"window.location.href='#'\" style=\"\">\n\t\t\t\t\t\t\t\t\t<div class=\"box-icon-wrapper  box-with-icon box-icon-simple\">\n\t\t\t\t\t\t<div class=\"info-box-icon\">\n\t\t\t\t\t\t\t\t\t\t\t\t\t\t\t<img decoding=\"async\" width=\"85\" height=\"36\" data-src=\"https:\/\/oro-brands.com\/wp-content\/uploads\/2022\/10\/flf-l.png\" class=\"attachment-full size-full lazyload\" alt=\"\" src=\"data:image\/svg+xml;base64,PHN2ZyB3aWR0aD0iMSIgaGVpZ2h0PSIxIiB4bWxucz0iaHR0cDovL3d3dy53My5vcmcvMjAwMC9zdmciPjwvc3ZnPg==\" style=\"--smush-placeholder-width: 85px; --smush-placeholder-aspect-ratio: 85\/36;\" \/>\t\t\t\t\t\t\t\t\t\t\t\t\t<\/div>\n\t\t\t\t\t<\/div>\n\t\t\t\t\n\t\t\t\t<div class=\"info-box-content\">\n\t\t\t\t\t\n\t\t\t\t\t\t\t\t\t\t\t<h4\t\t\t\t\t\tclass=\"info-box-title title box-title-style-default wd-fontsize-xl\" data-elementor-setting-key=\"title\">\n\t\t\t\t\t\t\t\tFLF: Vordere Bypass-Funktion\t\t\t\t\t\t<\/h4>\n\t\t\t\t\t\n\t\t\t\t\t<div class=\"info-box-inner set-cont-mb-s reset-last-child\"data-elementor-setting-key=\"content\"><p>Die FLP-Technologie erm\u00f6glicht es, mehr und leichter als bei einem herk\u00f6mmlichen Ski einen Winkel einzunehmen.<br \/>Diese Technologie erh\u00f6ht die Kantenhaftung und die Stabilit\u00e4t beim Gleiten.<\/p>\n<\/div>\n\t\n\t\t\t\t\t\t\t\t\t<\/div>\n\t\t\t<\/div>\n\t\t<\/div>\n\t\t\t\t\t\t<\/div>\n\t\t\t\t<\/div>\n\t\t\t\t\t<\/div>\n\t\t<\/div>\n\t\t\t\t<div class=\"elementor-column elementor-col-33 elementor-top-column elementor-element elementor-element-b597255\" data-id=\"b597255\" data-element_type=\"column\" data-e-type=\"column\">\n\t\t\t<div class=\"elementor-widget-wrap elementor-element-populated\">\n\t\t\t\t\t\t<div class=\"elementor-element elementor-element-14b2f12f elementor-widget elementor-widget-wd_image_or_svg\" data-id=\"14b2f12f\" data-element_type=\"widget\" data-e-type=\"widget\" data-widget_type=\"wd_image_or_svg.default\">\n\t\t\t\t<div class=\"elementor-widget-container\">\n\t\t\t\t\t\n\t\t<div class=\"wd-image text-center\">\n\t\t\t\t\t\t\t\t<img fetchpriority=\"high\" decoding=\"async\" width=\"244\" height=\"1050\" src=\"https:\/\/oro-brands.com\/wp-content\/uploads\/2022\/12\/LONGCRUISE-copie-3.png\" class=\"attachment-full size-full\" alt=\"\" srcset=\"https:\/\/oro-brands.com\/wp-content\/uploads\/2022\/12\/LONGCRUISE-copie-3.png 244w, https:\/\/oro-brands.com\/wp-content\/uploads\/2022\/12\/LONGCRUISE-copie-3-70x300.png 70w, https:\/\/oro-brands.com\/wp-content\/uploads\/2022\/12\/LONGCRUISE-copie-3-186x800.png 186w, https:\/\/oro-brands.com\/wp-content\/uploads\/2022\/12\/LONGCRUISE-copie-3-150x645.png 150w\" sizes=\"(max-width: 244px) 100vw, 244px\" \/>\t\t\t\t\t<\/div>\n\n\t\t\t\t\t\t<\/div>\n\t\t\t\t<\/div>\n\t\t\t\t\t<\/div>\n\t\t<\/div>\n\t\t\t\t<div class=\"elementor-column elementor-col-33 elementor-top-column elementor-element elementor-element-598827bc\" data-id=\"598827bc\" data-element_type=\"column\" data-e-type=\"column\">\n\t\t\t<div class=\"elementor-widget-wrap elementor-element-populated\">\n\t\t\t\t\t\t<div class=\"elementor-element elementor-element-4bd05a21 elementor-widget elementor-widget-wd_infobox\" data-id=\"4bd05a21\" data-element_type=\"widget\" data-e-type=\"widget\" data-widget_type=\"wd_infobox.default\">\n\t\t\t\t<div class=\"elementor-widget-container\">\n\t\t\t\t\t\t\t<div class=\"info-box-wrapper\">\n\t\t\t<div class=\"wd-info-box text-center box-icon-align-top box-style-base color-scheme- cursor-pointer\" onclick=\"window.location.href='#'\" style=\"\">\n\t\t\t\t\t\t\t\t\t<div class=\"box-icon-wrapper  box-with-icon box-icon-simple\">\n\t\t\t\t\t\t<div class=\"info-box-icon\">\n\t\t\t\t\t\t\t\t\t\t\t\t\t\t\t<img decoding=\"async\" width=\"85\" height=\"36\" data-src=\"https:\/\/oro-brands.com\/wp-content\/uploads\/2022\/12\/stb-l.png\" class=\"attachment-full size-full lazyload\" alt=\"\" src=\"data:image\/svg+xml;base64,PHN2ZyB3aWR0aD0iMSIgaGVpZ2h0PSIxIiB4bWxucz0iaHR0cDovL3d3dy53My5vcmcvMjAwMC9zdmciPjwvc3ZnPg==\" style=\"--smush-placeholder-width: 85px; --smush-placeholder-aspect-ratio: 85\/36;\" \/>\t\t\t\t\t\t\t\t\t\t\t\t\t<\/div>\n\t\t\t\t\t<\/div>\n\t\t\t\t\n\t\t\t\t<div class=\"info-box-content\">\n\t\t\t\t\t\n\t\t\t\t\t\t\t\t\t\t\t<h4\t\t\t\t\t\tclass=\"info-box-title title box-title-style-default wd-fontsize-xl\" data-elementor-setting-key=\"title\">\n\t\t\t\t\t\t\t\tSTB: Stabilisator<br \/>\n\t\t\t\t\t\t<\/h4>\n\t\t\t\t\t\n\t\t\t\t\t<div class=\"info-box-inner set-cont-mb-s reset-last-child\"data-elementor-setting-key=\"content\"><p>Diese Funktion \u00fcbertr\u00e4gt die vertikale Bewegung und die Kraft des Skifahrers pr\u00e4zise nach vorne, reduziert insbesondere die Vibrationen, die von der Schneeoberfl\u00e4che empfangen werden, und erm\u00f6glicht dem Skifahrer eine Optimierung seiner Stabilit\u00e4t.<\/p>\n<\/div>\n\t\n\t\t\t\t\t\t\t\t\t<\/div>\n\t\t\t<\/div>\n\t\t<\/div>\n\t\t\t\t\t\t<\/div>\n\t\t\t\t<\/div>\n\t\t\t\t<div class=\"elementor-element elementor-element-27db04f7 elementor-widget elementor-widget-wd_infobox\" data-id=\"27db04f7\" data-element_type=\"widget\" data-e-type=\"widget\" data-widget_type=\"wd_infobox.default\">\n\t\t\t\t<div class=\"elementor-widget-container\">\n\t\t\t\t\t\t\t<div class=\"info-box-wrapper\">\n\t\t\t<div class=\"wd-info-box text-center box-icon-align-top box-style-base color-scheme- cursor-pointer\" onclick=\"window.location.href='#'\" style=\"\">\n\t\t\t\t\t\t\t\t\t<div class=\"box-icon-wrapper  box-with-icon box-icon-simple\">\n\t\t\t\t\t\t<div class=\"info-box-icon\">\n\t\t\t\t\t\t\t\t\t\t\t\t\t\t\t<img decoding=\"async\" width=\"85\" height=\"36\" data-src=\"https:\/\/oro-brands.com\/wp-content\/uploads\/2022\/12\/ppf-l.png\" class=\"attachment-full size-full lazyload\" alt=\"\" src=\"data:image\/svg+xml;base64,PHN2ZyB3aWR0aD0iMSIgaGVpZ2h0PSIxIiB4bWxucz0iaHR0cDovL3d3dy53My5vcmcvMjAwMC9zdmciPjwvc3ZnPg==\" style=\"--smush-placeholder-width: 85px; --smush-placeholder-aspect-ratio: 85\/36;\" \/>\t\t\t\t\t\t\t\t\t\t\t\t\t<\/div>\n\t\t\t\t\t<\/div>\n\t\t\t\t\n\t\t\t\t<div class=\"info-box-content\">\n\t\t\t\t\t\n\t\t\t\t\t\t\t\t\t\t\t<h4\t\t\t\t\t\tclass=\"info-box-title title box-title-style-default wd-fontsize-xl\" data-elementor-setting-key=\"title\">\n\t\t\t\t\t\t\t\tPPF: Funktionen der Futterplattform\t\t\t\t\t\t<\/h4>\n\t\t\t\t\t\n\t\t\t\t\t<div class=\"info-box-inner set-cont-mb-s reset-last-child\"data-elementor-setting-key=\"content\"><p>Es handelt sich um ein System, das die Leistung des Skis verbessert, indem es eine Aluminiumlegierung in die Mitte des Kerns einbaut und die Steifigkeit teilweise erh\u00f6ht. Die Haftung unter Ihren F\u00fc\u00dfen wird stark verbessert. Er wird je nach den strukturellen Eigenschaften des Skis \u00fcber oder unter dem Kern platziert.<\/p>\n<\/div>\n\t\n\t\t\t\t\t\t\t\t\t<\/div>\n\t\t\t<\/div>\n\t\t<\/div>\n\t\t\t\t\t\t<\/div>\n\t\t\t\t<\/div>\n\t\t\t\t\t<\/div>\n\t\t<\/div>\n\t\t\t\t\t<\/div>\n\t\t<\/section>\n\t\t\t\t<\/div>\n\t\t","protected":false},"excerpt":{"rendered":"<p>FFS: Vorw\u00e4rtsflattern Das FFS-System ist ein Front-Rocker-System, es interagiert mit der Front-F\u00fchrungsfunktion (FLF), um den Widerstand des Skis optimal auf<\/p>\n","protected":false},"author":1,"featured_media":0,"parent":0,"menu_order":0,"comment_status":"closed","ping_status":"closed","template":"","meta":{"footnotes":""},"class_list":["post-17150","page","type-page","status-publish","hentry"],"yoast_head":"<!-- This site is optimized with the Yoast SEO plugin v27.3 - https:\/\/yoast.com\/product\/yoast-seo-wordpress\/ -->\n<title>TECHNOLOGIEN - ORO | Ogasaka - Rexxam - Onyone - site officiel<\/title>\n<meta name=\"robots\" content=\"index, follow, max-snippet:-1, max-image-preview:large, max-video-preview:-1\" \/>\n<link rel=\"canonical\" href=\"https:\/\/oro-brands.com\/de\/technologien\/\" \/>\n<meta property=\"og:locale\" content=\"de_DE\" \/>\n<meta property=\"og:type\" content=\"article\" \/>\n<meta property=\"og:title\" content=\"TECHNOLOGIEN - ORO | Ogasaka - Rexxam - Onyone - site officiel\" \/>\n<meta property=\"og:description\" content=\"FFS: Vorw\u00e4rtsflattern Das FFS-System ist ein Front-Rocker-System, es interagiert mit der Front-F\u00fchrungsfunktion (FLF), um den Widerstand des Skis optimal auf\" \/>\n<meta property=\"og:url\" content=\"https:\/\/oro-brands.com\/de\/technologien\/\" \/>\n<meta property=\"og:site_name\" content=\"ORO | Ogasaka - Rexxam - Onyone - site officiel\" \/>\n<meta property=\"article:modified_time\" content=\"2023-01-17T02:38:38+00:00\" \/>\n<meta property=\"og:image\" content=\"https:\/\/ogasaka-europe.com\/wp-content\/uploads\/2022\/10\/ffs-l.png\" \/>\n<meta name=\"twitter:card\" content=\"summary_large_image\" \/>\n<meta name=\"twitter:label1\" content=\"Gesch\u00e4tzte Lesezeit\" \/>\n\t<meta name=\"twitter:data1\" content=\"1\u00a0Minute\" \/>\n<script type=\"application\/ld+json\" class=\"yoast-schema-graph\">{\"@context\":\"https:\\\/\\\/schema.org\",\"@graph\":[{\"@type\":\"WebPage\",\"@id\":\"https:\\\/\\\/oro-brands.com\\\/de\\\/technologien\\\/\",\"url\":\"https:\\\/\\\/oro-brands.com\\\/de\\\/technologien\\\/\",\"name\":\"TECHNOLOGIEN - ORO | Ogasaka - Rexxam - Onyone - site officiel\",\"isPartOf\":{\"@id\":\"https:\\\/\\\/oro-brands.com\\\/de\\\/#website\"},\"primaryImageOfPage\":{\"@id\":\"https:\\\/\\\/oro-brands.com\\\/de\\\/technologien\\\/#primaryimage\"},\"image\":{\"@id\":\"https:\\\/\\\/oro-brands.com\\\/de\\\/technologien\\\/#primaryimage\"},\"thumbnailUrl\":\"https:\\\/\\\/ogasaka-europe.com\\\/wp-content\\\/uploads\\\/2022\\\/10\\\/ffs-l.png\",\"datePublished\":\"2022-12-23T05:14:47+00:00\",\"dateModified\":\"2023-01-17T02:38:38+00:00\",\"breadcrumb\":{\"@id\":\"https:\\\/\\\/oro-brands.com\\\/de\\\/technologien\\\/#breadcrumb\"},\"inLanguage\":\"de\",\"potentialAction\":[{\"@type\":\"ReadAction\",\"target\":[\"https:\\\/\\\/oro-brands.com\\\/de\\\/technologien\\\/\"]}]},{\"@type\":\"ImageObject\",\"inLanguage\":\"de\",\"@id\":\"https:\\\/\\\/oro-brands.com\\\/de\\\/technologien\\\/#primaryimage\",\"url\":\"https:\\\/\\\/ogasaka-europe.com\\\/wp-content\\\/uploads\\\/2022\\\/10\\\/ffs-l.png\",\"contentUrl\":\"https:\\\/\\\/ogasaka-europe.com\\\/wp-content\\\/uploads\\\/2022\\\/10\\\/ffs-l.png\"},{\"@type\":\"BreadcrumbList\",\"@id\":\"https:\\\/\\\/oro-brands.com\\\/de\\\/technologien\\\/#breadcrumb\",\"itemListElement\":[{\"@type\":\"ListItem\",\"position\":1,\"name\":\"Accueil\",\"item\":\"https:\\\/\\\/oro-brands.com\\\/de\\\/home-ogasaka\\\/\"},{\"@type\":\"ListItem\",\"position\":2,\"name\":\"TECHNOLOGIEN\"}]},{\"@type\":\"WebSite\",\"@id\":\"https:\\\/\\\/oro-brands.com\\\/de\\\/#website\",\"url\":\"https:\\\/\\\/oro-brands.com\\\/de\\\/\",\"name\":\"ORO | Ogasaka - Rexxam - Onyone - site officiel\",\"description\":\"Bienvenue dans le monde Ogasaka\",\"publisher\":{\"@id\":\"https:\\\/\\\/oro-brands.com\\\/de\\\/#organization\"},\"potentialAction\":[{\"@type\":\"SearchAction\",\"target\":{\"@type\":\"EntryPoint\",\"urlTemplate\":\"https:\\\/\\\/oro-brands.com\\\/de\\\/?s={search_term_string}\"},\"query-input\":{\"@type\":\"PropertyValueSpecification\",\"valueRequired\":true,\"valueName\":\"search_term_string\"}}],\"inLanguage\":\"de\"},{\"@type\":\"Organization\",\"@id\":\"https:\\\/\\\/oro-brands.com\\\/de\\\/#organization\",\"name\":\"ORO | Ogasaka - Rexxam - Onyone - site officiel\",\"url\":\"https:\\\/\\\/oro-brands.com\\\/de\\\/\",\"logo\":{\"@type\":\"ImageObject\",\"inLanguage\":\"de\",\"@id\":\"https:\\\/\\\/oro-brands.com\\\/de\\\/#\\\/schema\\\/logo\\\/image\\\/\",\"url\":\"https:\\\/\\\/ogasaka-europe.com\\\/wp-content\\\/uploads\\\/2023\\\/01\\\/charles.png\",\"contentUrl\":\"https:\\\/\\\/ogasaka-europe.com\\\/wp-content\\\/uploads\\\/2023\\\/01\\\/charles.png\",\"width\":1163,\"height\":1163,\"caption\":\"ORO | Ogasaka - Rexxam - Onyone - site officiel\"},\"image\":{\"@id\":\"https:\\\/\\\/oro-brands.com\\\/de\\\/#\\\/schema\\\/logo\\\/image\\\/\"}}]}<\/script>\n<!-- \/ Yoast SEO plugin. -->","yoast_head_json":{"title":"TECHNOLOGIEN - ORO | Ogasaka - Rexxam - Onyone - site officiel","robots":{"index":"index","follow":"follow","max-snippet":"max-snippet:-1","max-image-preview":"max-image-preview:large","max-video-preview":"max-video-preview:-1"},"canonical":"https:\/\/oro-brands.com\/de\/technologien\/","og_locale":"de_DE","og_type":"article","og_title":"TECHNOLOGIEN - ORO | Ogasaka - Rexxam - Onyone - site officiel","og_description":"FFS: Vorw\u00e4rtsflattern Das FFS-System ist ein Front-Rocker-System, es interagiert mit der Front-F\u00fchrungsfunktion (FLF), um den Widerstand des Skis optimal auf","og_url":"https:\/\/oro-brands.com\/de\/technologien\/","og_site_name":"ORO | Ogasaka - Rexxam - Onyone - site officiel","article_modified_time":"2023-01-17T02:38:38+00:00","og_image":[{"url":"https:\/\/ogasaka-europe.com\/wp-content\/uploads\/2022\/10\/ffs-l.png","type":"","width":"","height":""}],"twitter_card":"summary_large_image","twitter_misc":{"Gesch\u00e4tzte Lesezeit":"1\u00a0Minute"},"schema":{"@context":"https:\/\/schema.org","@graph":[{"@type":"WebPage","@id":"https:\/\/oro-brands.com\/de\/technologien\/","url":"https:\/\/oro-brands.com\/de\/technologien\/","name":"TECHNOLOGIEN - ORO | Ogasaka - Rexxam - Onyone - site officiel","isPartOf":{"@id":"https:\/\/oro-brands.com\/de\/#website"},"primaryImageOfPage":{"@id":"https:\/\/oro-brands.com\/de\/technologien\/#primaryimage"},"image":{"@id":"https:\/\/oro-brands.com\/de\/technologien\/#primaryimage"},"thumbnailUrl":"https:\/\/ogasaka-europe.com\/wp-content\/uploads\/2022\/10\/ffs-l.png","datePublished":"2022-12-23T05:14:47+00:00","dateModified":"2023-01-17T02:38:38+00:00","breadcrumb":{"@id":"https:\/\/oro-brands.com\/de\/technologien\/#breadcrumb"},"inLanguage":"de","potentialAction":[{"@type":"ReadAction","target":["https:\/\/oro-brands.com\/de\/technologien\/"]}]},{"@type":"ImageObject","inLanguage":"de","@id":"https:\/\/oro-brands.com\/de\/technologien\/#primaryimage","url":"https:\/\/ogasaka-europe.com\/wp-content\/uploads\/2022\/10\/ffs-l.png","contentUrl":"https:\/\/ogasaka-europe.com\/wp-content\/uploads\/2022\/10\/ffs-l.png"},{"@type":"BreadcrumbList","@id":"https:\/\/oro-brands.com\/de\/technologien\/#breadcrumb","itemListElement":[{"@type":"ListItem","position":1,"name":"Accueil","item":"https:\/\/oro-brands.com\/de\/home-ogasaka\/"},{"@type":"ListItem","position":2,"name":"TECHNOLOGIEN"}]},{"@type":"WebSite","@id":"https:\/\/oro-brands.com\/de\/#website","url":"https:\/\/oro-brands.com\/de\/","name":"ORO | Ogasaka - Rexxam - Onyone - site officiel","description":"Bienvenue dans le monde Ogasaka","publisher":{"@id":"https:\/\/oro-brands.com\/de\/#organization"},"potentialAction":[{"@type":"SearchAction","target":{"@type":"EntryPoint","urlTemplate":"https:\/\/oro-brands.com\/de\/?s={search_term_string}"},"query-input":{"@type":"PropertyValueSpecification","valueRequired":true,"valueName":"search_term_string"}}],"inLanguage":"de"},{"@type":"Organization","@id":"https:\/\/oro-brands.com\/de\/#organization","name":"ORO | Ogasaka - Rexxam - Onyone - site officiel","url":"https:\/\/oro-brands.com\/de\/","logo":{"@type":"ImageObject","inLanguage":"de","@id":"https:\/\/oro-brands.com\/de\/#\/schema\/logo\/image\/","url":"https:\/\/ogasaka-europe.com\/wp-content\/uploads\/2023\/01\/charles.png","contentUrl":"https:\/\/ogasaka-europe.com\/wp-content\/uploads\/2023\/01\/charles.png","width":1163,"height":1163,"caption":"ORO | Ogasaka - Rexxam - Onyone - site officiel"},"image":{"@id":"https:\/\/oro-brands.com\/de\/#\/schema\/logo\/image\/"}}]}},"_links":{"self":[{"href":"https:\/\/oro-brands.com\/de\/wp-json\/wp\/v2\/pages\/17150","targetHints":{"allow":["GET"]}}],"collection":[{"href":"https:\/\/oro-brands.com\/de\/wp-json\/wp\/v2\/pages"}],"about":[{"href":"https:\/\/oro-brands.com\/de\/wp-json\/wp\/v2\/types\/page"}],"author":[{"embeddable":true,"href":"https:\/\/oro-brands.com\/de\/wp-json\/wp\/v2\/users\/1"}],"replies":[{"embeddable":true,"href":"https:\/\/oro-brands.com\/de\/wp-json\/wp\/v2\/comments?post=17150"}],"version-history":[{"count":2,"href":"https:\/\/oro-brands.com\/de\/wp-json\/wp\/v2\/pages\/17150\/revisions"}],"predecessor-version":[{"id":18514,"href":"https:\/\/oro-brands.com\/de\/wp-json\/wp\/v2\/pages\/17150\/revisions\/18514"}],"wp:attachment":[{"href":"https:\/\/oro-brands.com\/de\/wp-json\/wp\/v2\/media?parent=17150"}],"curies":[{"name":"wp","href":"https:\/\/api.w.org\/{rel}","templated":true}]}}