{"id":18290,"date":"2023-01-03T19:46:01","date_gmt":"2023-01-03T18:46:01","guid":{"rendered":"https:\/\/ogasaka-europe.com\/rechtliche-hinweise\/"},"modified":"2023-09-20T16:31:54","modified_gmt":"2023-09-20T14:31:54","slug":"rechtliche-hinweise","status":"publish","type":"page","link":"https:\/\/oro-brands.com\/de\/rechtliche-hinweise\/","title":{"rendered":"Rechtliche Hinweise"},"content":{"rendered":"\t\t<div data-elementor-type=\"wp-page\" data-elementor-id=\"18290\" class=\"elementor elementor-18290 elementor-17621\" data-elementor-post-type=\"page\">\n\t\t\t\t\t\t<section class=\"elementor-section elementor-top-section elementor-element elementor-element-c7b0c5f elementor-section-boxed elementor-section-height-default elementor-section-height-default wd-section-disabled\" data-id=\"c7b0c5f\" data-element_type=\"section\" data-e-type=\"section\">\n\t\t\t\t\t\t<div class=\"elementor-container elementor-column-gap-default\">\n\t\t\t\t\t<div class=\"elementor-column elementor-col-100 elementor-top-column elementor-element elementor-element-8179134\" data-id=\"8179134\" data-element_type=\"column\" data-e-type=\"column\">\n\t\t\t<div class=\"elementor-widget-wrap elementor-element-populated\">\n\t\t\t\t\t\t<div class=\"elementor-element elementor-element-179cb52 elementor-widget elementor-widget-wd_text_block\" data-id=\"179cb52\" data-element_type=\"widget\" data-e-type=\"widget\" data-widget_type=\"wd_text_block.default\">\n\t\t\t\t<div class=\"elementor-widget-container\">\n\t\t\t\t\t\t\t<div class=\"wd-text-block reset-last-child text-left\">\n\t\t\t\n\t\t\t<p><strong>EIGENTUM UND BETRIEB<\/strong><\/p><p>N TVA FR 03 838086205<\/p><p>UNTERNEHMEN ONI-ONE<\/p><p>ADRESSE 425, AV JOSEPH FONTANET 73200 ALBERTVILLE<\/p><p>ENTWICKLER \/ PROJEKTLEITER WEBSITE<\/p><p>FELIX HAZEAUX UND CHARLES NAVILLOD<\/p><p><b>PERS\u00d6NLICHE DATEN: Wir sammeln Informationen, wenn Sie sich \u00fcber unser Kontaktformular anmelden. Zu den gesammelten Informationen geh\u00f6ren Ihr Vor- und Nachname, Ihre E-Mail-Adresse und Ihre Telefonnummer. Dar\u00fcber hinaus erhalten und speichern wir automatisch Informationen von Ihrem Computer und Browser, einschlie\u00dflich Ihrer IP-Adresse, Ihrer Soft- und Hardware und der von Ihnen angeforderten Seite. Wir bewahren Ihre Daten bis zu drei Jahre auf. Buchf\u00fchrungsdaten \u00fcber Verk\u00e4ufe m\u00fcssen rechtm\u00e4\u00dfig zehn Jahre lang aufbewahrt werden. Wenn Sie einen Antrag auf Entfernung oder \u00c4nderung Ihrer Daten stellen, werden diese innerhalb einer gesetzlichen Frist von 30 Tagen nach Absendung des Antrags gel\u00f6scht.<\/b><\/p><p><b>GESCH\u00c4FTSBEDINGUNGEN<\/b><\/p><p><b>Die Seite <\/b><a href=\"http:\/\/oro-brands.com\"><b>oro-brands.com<\/b><\/a><b>  ist f\u00fcr alle frei zug\u00e4nglich. Es gibt also keine Einschr\u00e4nkungen bei der Verwendung.<\/b><\/p><p><b>VERWENDUNG VON COOKIES<\/b><\/p><p><b>Ein Cookie ist eine kleine Textdatei, die Websites verwenden, um Navigationsinformationen auf dem Endger\u00e4t des Nutzers zu speichern. Nicht alle haben die gleiche Funktionalit\u00e4t. Sie k\u00f6nnen selbst entscheiden, wie Sie diese Cookies verwenden m\u00f6chten. Die gesetzliche H\u00f6chstdauer f\u00fcr die Speicherung von Cookies betr\u00e4gt 13 Monate. Weitere Informationen dar\u00fcber, wie Sie ihre Nutzung konfigurieren k\u00f6nnen, finden Sie auf unserer Seite<\/b><\/p><p><b>UNTERKUNFT<\/b><\/p><p><b>Hosting Domainname: OVH<\/b><\/p><p><b>GEISTIGES EIGENTUM<\/b><\/p><p><span style=\"font-weight: 400;\">Ogasaka, Rexxam und ONYONE sind eingetragene Marken. Die Firma, die diesen Online-Shop in Auftrag gegeben hat, ist ONI-ONE, sie hat den Vertrieb dieser Marken in Europa. Diese Website ist Eigent\u00fcmer der Rechte am geistigen Eigentum oder besitzt die Nutzungsrechte an allen sichtbaren Elementen wie Texten, Videos, Fotos und Grafiken. Jede Vervielf\u00e4ltigung und Anpassung, auch teilweise und ohne vorherige schriftliche Zustimmung, setzt den Urheber einer gerichtlichen Verfolgung aus, wie in Artikel L.335-2 ff. des Code de Propri\u00e9t\u00e9 Intellectuelle vorgesehen.**.<\/span><\/p>\n\t\t\t\t\t<\/div>\n\t\t\t\t\t\t<\/div>\n\t\t\t\t<\/div>\n\t\t\t\t\t<\/div>\n\t\t<\/div>\n\t\t\t\t\t<\/div>\n\t\t<\/section>\n\t\t\t\t<\/div>\n\t\t","protected":false},"excerpt":{"rendered":"<p>EIGENTUM UND BETRIEB N TVA FR 03 838086205 UNTERNEHMEN ONI-ONE ADRESSE 425, AV JOSEPH FONTANET 73200 ALBERTVILLE ENTWICKLER \/ PROJEKTLEITER<\/p>\n","protected":false},"author":1,"featured_media":0,"parent":0,"menu_order":0,"comment_status":"closed","ping_status":"closed","template":"","meta":{"footnotes":""},"class_list":["post-18290","page","type-page","status-publish","hentry"],"yoast_head":"<!-- This site is optimized with the Yoast SEO plugin v27.4 - https:\/\/yoast.com\/product\/yoast-seo-wordpress\/ -->\n<title>Rechtliche Hinweise - ORO | Ogasaka - Rexxam - Onyone - site officiel<\/title>\n<meta name=\"robots\" content=\"index, follow, max-snippet:-1, max-image-preview:large, max-video-preview:-1\" \/>\n<link rel=\"canonical\" href=\"https:\/\/oro-brands.com\/de\/rechtliche-hinweise\/\" \/>\n<meta property=\"og:locale\" content=\"de_DE\" \/>\n<meta property=\"og:type\" content=\"article\" \/>\n<meta property=\"og:title\" content=\"Rechtliche Hinweise - ORO | Ogasaka - Rexxam - Onyone - site officiel\" \/>\n<meta property=\"og:description\" content=\"EIGENTUM UND BETRIEB N TVA FR 03 838086205 UNTERNEHMEN ONI-ONE ADRESSE 425, AV JOSEPH FONTANET 73200 ALBERTVILLE ENTWICKLER \/ PROJEKTLEITER\" \/>\n<meta property=\"og:url\" content=\"https:\/\/oro-brands.com\/de\/rechtliche-hinweise\/\" \/>\n<meta property=\"og:site_name\" content=\"ORO | Ogasaka - Rexxam - Onyone - site officiel\" \/>\n<meta property=\"article:modified_time\" content=\"2023-09-20T14:31:54+00:00\" \/>\n<meta name=\"twitter:card\" content=\"summary_large_image\" \/>\n<meta name=\"twitter:label1\" content=\"Gesch\u00e4tzte Lesezeit\" \/>\n\t<meta name=\"twitter:data1\" content=\"1\u00a0Minute\" \/>\n<script type=\"application\/ld+json\" class=\"yoast-schema-graph\">{\"@context\":\"https:\\\/\\\/schema.org\",\"@graph\":[{\"@type\":\"WebPage\",\"@id\":\"https:\\\/\\\/oro-brands.com\\\/de\\\/rechtliche-hinweise\\\/\",\"url\":\"https:\\\/\\\/oro-brands.com\\\/de\\\/rechtliche-hinweise\\\/\",\"name\":\"Rechtliche Hinweise - ORO | Ogasaka - Rexxam - Onyone - site officiel\",\"isPartOf\":{\"@id\":\"https:\\\/\\\/oro-brands.com\\\/de\\\/#website\"},\"datePublished\":\"2023-01-03T18:46:01+00:00\",\"dateModified\":\"2023-09-20T14:31:54+00:00\",\"breadcrumb\":{\"@id\":\"https:\\\/\\\/oro-brands.com\\\/de\\\/rechtliche-hinweise\\\/#breadcrumb\"},\"inLanguage\":\"de\",\"potentialAction\":[{\"@type\":\"ReadAction\",\"target\":[\"https:\\\/\\\/oro-brands.com\\\/de\\\/rechtliche-hinweise\\\/\"]}]},{\"@type\":\"BreadcrumbList\",\"@id\":\"https:\\\/\\\/oro-brands.com\\\/de\\\/rechtliche-hinweise\\\/#breadcrumb\",\"itemListElement\":[{\"@type\":\"ListItem\",\"position\":1,\"name\":\"Accueil\",\"item\":\"https:\\\/\\\/oro-brands.com\\\/de\\\/home-ogasaka\\\/\"},{\"@type\":\"ListItem\",\"position\":2,\"name\":\"Rechtliche Hinweise\"}]},{\"@type\":\"WebSite\",\"@id\":\"https:\\\/\\\/oro-brands.com\\\/de\\\/#website\",\"url\":\"https:\\\/\\\/oro-brands.com\\\/de\\\/\",\"name\":\"ORO | Ogasaka - Rexxam - Onyone - site officiel\",\"description\":\"Bienvenue dans le monde Ogasaka\",\"publisher\":{\"@id\":\"https:\\\/\\\/oro-brands.com\\\/de\\\/#organization\"},\"potentialAction\":[{\"@type\":\"SearchAction\",\"target\":{\"@type\":\"EntryPoint\",\"urlTemplate\":\"https:\\\/\\\/oro-brands.com\\\/de\\\/?s={search_term_string}\"},\"query-input\":{\"@type\":\"PropertyValueSpecification\",\"valueRequired\":true,\"valueName\":\"search_term_string\"}}],\"inLanguage\":\"de\"},{\"@type\":\"Organization\",\"@id\":\"https:\\\/\\\/oro-brands.com\\\/de\\\/#organization\",\"name\":\"ORO | Ogasaka - Rexxam - Onyone - site officiel\",\"url\":\"https:\\\/\\\/oro-brands.com\\\/de\\\/\",\"logo\":{\"@type\":\"ImageObject\",\"inLanguage\":\"de\",\"@id\":\"https:\\\/\\\/oro-brands.com\\\/de\\\/#\\\/schema\\\/logo\\\/image\\\/\",\"url\":\"https:\\\/\\\/ogasaka-europe.com\\\/wp-content\\\/uploads\\\/2023\\\/01\\\/charles.png\",\"contentUrl\":\"https:\\\/\\\/ogasaka-europe.com\\\/wp-content\\\/uploads\\\/2023\\\/01\\\/charles.png\",\"width\":1163,\"height\":1163,\"caption\":\"ORO | Ogasaka - Rexxam - Onyone - site officiel\"},\"image\":{\"@id\":\"https:\\\/\\\/oro-brands.com\\\/de\\\/#\\\/schema\\\/logo\\\/image\\\/\"}}]}<\/script>\n<!-- \/ Yoast SEO plugin. -->","yoast_head_json":{"title":"Rechtliche Hinweise - ORO | Ogasaka - Rexxam - Onyone - site officiel","robots":{"index":"index","follow":"follow","max-snippet":"max-snippet:-1","max-image-preview":"max-image-preview:large","max-video-preview":"max-video-preview:-1"},"canonical":"https:\/\/oro-brands.com\/de\/rechtliche-hinweise\/","og_locale":"de_DE","og_type":"article","og_title":"Rechtliche Hinweise - ORO | Ogasaka - Rexxam - Onyone - site officiel","og_description":"EIGENTUM UND BETRIEB N TVA FR 03 838086205 UNTERNEHMEN ONI-ONE ADRESSE 425, AV JOSEPH FONTANET 73200 ALBERTVILLE ENTWICKLER \/ PROJEKTLEITER","og_url":"https:\/\/oro-brands.com\/de\/rechtliche-hinweise\/","og_site_name":"ORO | Ogasaka - Rexxam - Onyone - site officiel","article_modified_time":"2023-09-20T14:31:54+00:00","twitter_card":"summary_large_image","twitter_misc":{"Gesch\u00e4tzte Lesezeit":"1\u00a0Minute"},"schema":{"@context":"https:\/\/schema.org","@graph":[{"@type":"WebPage","@id":"https:\/\/oro-brands.com\/de\/rechtliche-hinweise\/","url":"https:\/\/oro-brands.com\/de\/rechtliche-hinweise\/","name":"Rechtliche Hinweise - ORO | Ogasaka - Rexxam - Onyone - site officiel","isPartOf":{"@id":"https:\/\/oro-brands.com\/de\/#website"},"datePublished":"2023-01-03T18:46:01+00:00","dateModified":"2023-09-20T14:31:54+00:00","breadcrumb":{"@id":"https:\/\/oro-brands.com\/de\/rechtliche-hinweise\/#breadcrumb"},"inLanguage":"de","potentialAction":[{"@type":"ReadAction","target":["https:\/\/oro-brands.com\/de\/rechtliche-hinweise\/"]}]},{"@type":"BreadcrumbList","@id":"https:\/\/oro-brands.com\/de\/rechtliche-hinweise\/#breadcrumb","itemListElement":[{"@type":"ListItem","position":1,"name":"Accueil","item":"https:\/\/oro-brands.com\/de\/home-ogasaka\/"},{"@type":"ListItem","position":2,"name":"Rechtliche Hinweise"}]},{"@type":"WebSite","@id":"https:\/\/oro-brands.com\/de\/#website","url":"https:\/\/oro-brands.com\/de\/","name":"ORO | Ogasaka - Rexxam - Onyone - site officiel","description":"Bienvenue dans le monde Ogasaka","publisher":{"@id":"https:\/\/oro-brands.com\/de\/#organization"},"potentialAction":[{"@type":"SearchAction","target":{"@type":"EntryPoint","urlTemplate":"https:\/\/oro-brands.com\/de\/?s={search_term_string}"},"query-input":{"@type":"PropertyValueSpecification","valueRequired":true,"valueName":"search_term_string"}}],"inLanguage":"de"},{"@type":"Organization","@id":"https:\/\/oro-brands.com\/de\/#organization","name":"ORO | Ogasaka - Rexxam - Onyone - site officiel","url":"https:\/\/oro-brands.com\/de\/","logo":{"@type":"ImageObject","inLanguage":"de","@id":"https:\/\/oro-brands.com\/de\/#\/schema\/logo\/image\/","url":"https:\/\/ogasaka-europe.com\/wp-content\/uploads\/2023\/01\/charles.png","contentUrl":"https:\/\/ogasaka-europe.com\/wp-content\/uploads\/2023\/01\/charles.png","width":1163,"height":1163,"caption":"ORO | Ogasaka - Rexxam - Onyone - site officiel"},"image":{"@id":"https:\/\/oro-brands.com\/de\/#\/schema\/logo\/image\/"}}]}},"_links":{"self":[{"href":"https:\/\/oro-brands.com\/de\/wp-json\/wp\/v2\/pages\/18290","targetHints":{"allow":["GET"]}}],"collection":[{"href":"https:\/\/oro-brands.com\/de\/wp-json\/wp\/v2\/pages"}],"about":[{"href":"https:\/\/oro-brands.com\/de\/wp-json\/wp\/v2\/types\/page"}],"author":[{"embeddable":true,"href":"https:\/\/oro-brands.com\/de\/wp-json\/wp\/v2\/users\/1"}],"replies":[{"embeddable":true,"href":"https:\/\/oro-brands.com\/de\/wp-json\/wp\/v2\/comments?post=18290"}],"version-history":[{"count":2,"href":"https:\/\/oro-brands.com\/de\/wp-json\/wp\/v2\/pages\/18290\/revisions"}],"predecessor-version":[{"id":19219,"href":"https:\/\/oro-brands.com\/de\/wp-json\/wp\/v2\/pages\/18290\/revisions\/19219"}],"wp:attachment":[{"href":"https:\/\/oro-brands.com\/de\/wp-json\/wp\/v2\/media?parent=18290"}],"curies":[{"name":"wp","href":"https:\/\/api.w.org\/{rel}","templated":true}]}}