{"id":17311,"date":"2022-11-22T11:17:02","date_gmt":"2022-11-22T10:17:02","guid":{"rendered":"https:\/\/ogasaka-europe.com\/produit\/polen-bc-p\/"},"modified":"2023-01-12T22:19:04","modified_gmt":"2023-01-12T21:19:04","slug":"polen-bc-p","status":"publish","type":"product","link":"https:\/\/oro-brands.com\/de\/produkt\/polen-bc-p\/","title":{"rendered":"POLEN BC-P"},"content":{"rendered":"\t\t<div data-elementor-type=\"product-post\" data-elementor-id=\"17311\" class=\"elementor elementor-17311 elementor-14776\" data-elementor-post-type=\"product\">\n\t\t\t\t\t\t<section class=\"elementor-section elementor-top-section elementor-element elementor-element-bb97084 elementor-section-boxed elementor-section-height-default elementor-section-height-default wd-section-disabled\" data-id=\"bb97084\" data-element_type=\"section\" data-e-type=\"section\">\n\t\t\t\t\t\t<div class=\"elementor-container elementor-column-gap-default\">\n\t\t\t\t\t<div class=\"elementor-column elementor-col-100 elementor-top-column elementor-element elementor-element-3145a37\" data-id=\"3145a37\" data-element_type=\"column\" data-e-type=\"column\">\n\t\t\t<div class=\"elementor-widget-wrap elementor-element-populated\">\n\t\t\t\t\t\t<div class=\"elementor-element elementor-element-4e584d5 elementor-widget elementor-widget-wd_text_block\" data-id=\"4e584d5\" data-element_type=\"widget\" data-e-type=\"widget\" data-widget_type=\"wd_text_block.default\">\n\t\t\t\t<div class=\"elementor-widget-container\">\n\t\t\t\t\t\t\t<div class=\"wd-text-block reset-last-child text-left\">\n\t\t\t\n\t\t\t<p>Die Backcountry-St\u00f6cke von Ogasaka sind robust, designorientiert und f\u00fcr den langfristigen Einsatz geeignet. Unsere Partnerlehrer fahren mit \u00fcber 600 Stunden pro Winter Ski und wir haben keine Br\u00fcche oder negativen R\u00fcckmeldungen \u00fcber das Produkt.  <\/p>\n\t\t\t\t\t<\/div>\n\t\t\t\t\t\t<\/div>\n\t\t\t\t<\/div>\n\t\t\t\t\t<\/div>\n\t\t<\/div>\n\t\t\t\t\t<\/div>\n\t\t<\/section>\n\t\t\t\t<\/div>\n\t\t","protected":false},"excerpt":{"rendered":"<p>Die Backcountry-St\u00f6cke von Ogasaka sind robust, designorientiert und f\u00fcr den langfristigen Einsatz geeignet. Unsere Partnerlehrer fahren mit \u00fcber 600 Stunden<\/p>\n","protected":false},"featured_media":16038,"template":"","meta":[],"product_brand":[],"product_cat":[349],"product_tag":[352],"class_list":{"0":"post-17311","1":"product","2":"type-product","3":"status-publish","4":"has-post-thumbnail","6":"product_cat-zubehor","7":"product_tag-stocke","9":"first","10":"instock","11":"taxable","12":"shipping-taxable","13":"purchasable","14":"product-type-variable"},"yoast_head":"<!-- This site is optimized with the Yoast SEO plugin v27.3 - https:\/\/yoast.com\/product\/yoast-seo-wordpress\/ -->\n<title>POLEN BC-P - ORO | Ogasaka - Rexxam - Onyone - site officiel<\/title>\n<meta name=\"description\" content=\"Skistock ogasaka\" \/>\n<meta name=\"robots\" content=\"index, follow, max-snippet:-1, max-image-preview:large, max-video-preview:-1\" \/>\n<link rel=\"canonical\" href=\"https:\/\/oro-brands.com\/de\/produkt\/polen-bc-p\/\" \/>\n<meta property=\"og:locale\" content=\"de_DE\" \/>\n<meta property=\"og:type\" content=\"article\" \/>\n<meta property=\"og:title\" content=\"POLEN BC-P - ORO | Ogasaka - Rexxam - Onyone - site officiel\" \/>\n<meta property=\"og:description\" content=\"Skistock ogasaka\" \/>\n<meta property=\"og:url\" content=\"https:\/\/oro-brands.com\/de\/produkt\/polen-bc-p\/\" \/>\n<meta property=\"og:site_name\" content=\"ORO | Ogasaka - Rexxam - Onyone - site officiel\" \/>\n<meta property=\"article:modified_time\" content=\"2023-01-12T21:19:04+00:00\" \/>\n<meta property=\"og:image\" content=\"https:\/\/oro-brands.com\/wp-content\/uploads\/2022\/11\/pole_BC_P_OS2-copie.png\" \/>\n\t<meta property=\"og:image:width\" content=\"1000\" \/>\n\t<meta property=\"og:image:height\" content=\"1000\" \/>\n\t<meta property=\"og:image:type\" content=\"image\/png\" \/>\n<meta name=\"twitter:card\" content=\"summary_large_image\" \/>\n<script type=\"application\/ld+json\" class=\"yoast-schema-graph\">{\"@context\":\"https:\\\/\\\/schema.org\",\"@graph\":[{\"@type\":\"WebPage\",\"@id\":\"https:\\\/\\\/oro-brands.com\\\/de\\\/produkt\\\/polen-bc-p\\\/\",\"url\":\"https:\\\/\\\/oro-brands.com\\\/de\\\/produkt\\\/polen-bc-p\\\/\",\"name\":\"POLEN BC-P - ORO | Ogasaka - Rexxam - Onyone - site officiel\",\"isPartOf\":{\"@id\":\"https:\\\/\\\/oro-brands.com\\\/de\\\/#website\"},\"primaryImageOfPage\":{\"@id\":\"https:\\\/\\\/oro-brands.com\\\/de\\\/produkt\\\/polen-bc-p\\\/#primaryimage\"},\"image\":{\"@id\":\"https:\\\/\\\/oro-brands.com\\\/de\\\/produkt\\\/polen-bc-p\\\/#primaryimage\"},\"thumbnailUrl\":\"https:\\\/\\\/oro-brands.com\\\/wp-content\\\/uploads\\\/2022\\\/11\\\/pole_BC_P_OS2-copie.png\",\"datePublished\":\"2022-11-22T10:17:02+00:00\",\"dateModified\":\"2023-01-12T21:19:04+00:00\",\"description\":\"Skistock ogasaka\",\"breadcrumb\":{\"@id\":\"https:\\\/\\\/oro-brands.com\\\/de\\\/produkt\\\/polen-bc-p\\\/#breadcrumb\"},\"inLanguage\":\"de\",\"potentialAction\":[{\"@type\":\"ReadAction\",\"target\":[\"https:\\\/\\\/oro-brands.com\\\/de\\\/produkt\\\/polen-bc-p\\\/\"]}]},{\"@type\":\"ImageObject\",\"inLanguage\":\"de\",\"@id\":\"https:\\\/\\\/oro-brands.com\\\/de\\\/produkt\\\/polen-bc-p\\\/#primaryimage\",\"url\":\"https:\\\/\\\/oro-brands.com\\\/wp-content\\\/uploads\\\/2022\\\/11\\\/pole_BC_P_OS2-copie.png\",\"contentUrl\":\"https:\\\/\\\/oro-brands.com\\\/wp-content\\\/uploads\\\/2022\\\/11\\\/pole_BC_P_OS2-copie.png\",\"width\":1000,\"height\":1000},{\"@type\":\"BreadcrumbList\",\"@id\":\"https:\\\/\\\/oro-brands.com\\\/de\\\/produkt\\\/polen-bc-p\\\/#breadcrumb\",\"itemListElement\":[{\"@type\":\"ListItem\",\"position\":1,\"name\":\"Accueil\",\"item\":\"https:\\\/\\\/oro-brands.com\\\/de\\\/home-ogasaka\\\/\"},{\"@type\":\"ListItem\",\"position\":2,\"name\":\"Shop\",\"item\":\"https:\\\/\\\/oro-brands.com\\\/de\\\/einkaufen\\\/\"},{\"@type\":\"ListItem\",\"position\":3,\"name\":\"POLEN BC-P\"}]},{\"@type\":\"WebSite\",\"@id\":\"https:\\\/\\\/oro-brands.com\\\/de\\\/#website\",\"url\":\"https:\\\/\\\/oro-brands.com\\\/de\\\/\",\"name\":\"ORO | Ogasaka - Rexxam - Onyone - site officiel\",\"description\":\"Bienvenue dans le monde Ogasaka\",\"publisher\":{\"@id\":\"https:\\\/\\\/oro-brands.com\\\/de\\\/#organization\"},\"potentialAction\":[{\"@type\":\"SearchAction\",\"target\":{\"@type\":\"EntryPoint\",\"urlTemplate\":\"https:\\\/\\\/oro-brands.com\\\/de\\\/?s={search_term_string}\"},\"query-input\":{\"@type\":\"PropertyValueSpecification\",\"valueRequired\":true,\"valueName\":\"search_term_string\"}}],\"inLanguage\":\"de\"},{\"@type\":\"Organization\",\"@id\":\"https:\\\/\\\/oro-brands.com\\\/de\\\/#organization\",\"name\":\"ORO | Ogasaka - Rexxam - Onyone - site officiel\",\"url\":\"https:\\\/\\\/oro-brands.com\\\/de\\\/\",\"logo\":{\"@type\":\"ImageObject\",\"inLanguage\":\"de\",\"@id\":\"https:\\\/\\\/oro-brands.com\\\/de\\\/#\\\/schema\\\/logo\\\/image\\\/\",\"url\":\"https:\\\/\\\/ogasaka-europe.com\\\/wp-content\\\/uploads\\\/2023\\\/01\\\/charles.png\",\"contentUrl\":\"https:\\\/\\\/ogasaka-europe.com\\\/wp-content\\\/uploads\\\/2023\\\/01\\\/charles.png\",\"width\":1163,\"height\":1163,\"caption\":\"ORO | Ogasaka - Rexxam - Onyone - site officiel\"},\"image\":{\"@id\":\"https:\\\/\\\/oro-brands.com\\\/de\\\/#\\\/schema\\\/logo\\\/image\\\/\"}}]}<\/script>\n<!-- \/ Yoast SEO plugin. -->","yoast_head_json":{"title":"POLEN BC-P - ORO | Ogasaka - Rexxam - Onyone - site officiel","description":"Skistock ogasaka","robots":{"index":"index","follow":"follow","max-snippet":"max-snippet:-1","max-image-preview":"max-image-preview:large","max-video-preview":"max-video-preview:-1"},"canonical":"https:\/\/oro-brands.com\/de\/produkt\/polen-bc-p\/","og_locale":"de_DE","og_type":"article","og_title":"POLEN BC-P - ORO | Ogasaka - Rexxam - Onyone - site officiel","og_description":"Skistock ogasaka","og_url":"https:\/\/oro-brands.com\/de\/produkt\/polen-bc-p\/","og_site_name":"ORO | Ogasaka - Rexxam - Onyone - site officiel","article_modified_time":"2023-01-12T21:19:04+00:00","og_image":[{"width":1000,"height":1000,"url":"https:\/\/oro-brands.com\/wp-content\/uploads\/2022\/11\/pole_BC_P_OS2-copie.png","type":"image\/png"}],"twitter_card":"summary_large_image","schema":{"@context":"https:\/\/schema.org","@graph":[{"@type":"WebPage","@id":"https:\/\/oro-brands.com\/de\/produkt\/polen-bc-p\/","url":"https:\/\/oro-brands.com\/de\/produkt\/polen-bc-p\/","name":"POLEN BC-P - ORO | Ogasaka - Rexxam - Onyone - site officiel","isPartOf":{"@id":"https:\/\/oro-brands.com\/de\/#website"},"primaryImageOfPage":{"@id":"https:\/\/oro-brands.com\/de\/produkt\/polen-bc-p\/#primaryimage"},"image":{"@id":"https:\/\/oro-brands.com\/de\/produkt\/polen-bc-p\/#primaryimage"},"thumbnailUrl":"https:\/\/oro-brands.com\/wp-content\/uploads\/2022\/11\/pole_BC_P_OS2-copie.png","datePublished":"2022-11-22T10:17:02+00:00","dateModified":"2023-01-12T21:19:04+00:00","description":"Skistock ogasaka","breadcrumb":{"@id":"https:\/\/oro-brands.com\/de\/produkt\/polen-bc-p\/#breadcrumb"},"inLanguage":"de","potentialAction":[{"@type":"ReadAction","target":["https:\/\/oro-brands.com\/de\/produkt\/polen-bc-p\/"]}]},{"@type":"ImageObject","inLanguage":"de","@id":"https:\/\/oro-brands.com\/de\/produkt\/polen-bc-p\/#primaryimage","url":"https:\/\/oro-brands.com\/wp-content\/uploads\/2022\/11\/pole_BC_P_OS2-copie.png","contentUrl":"https:\/\/oro-brands.com\/wp-content\/uploads\/2022\/11\/pole_BC_P_OS2-copie.png","width":1000,"height":1000},{"@type":"BreadcrumbList","@id":"https:\/\/oro-brands.com\/de\/produkt\/polen-bc-p\/#breadcrumb","itemListElement":[{"@type":"ListItem","position":1,"name":"Accueil","item":"https:\/\/oro-brands.com\/de\/home-ogasaka\/"},{"@type":"ListItem","position":2,"name":"Shop","item":"https:\/\/oro-brands.com\/de\/einkaufen\/"},{"@type":"ListItem","position":3,"name":"POLEN BC-P"}]},{"@type":"WebSite","@id":"https:\/\/oro-brands.com\/de\/#website","url":"https:\/\/oro-brands.com\/de\/","name":"ORO | Ogasaka - Rexxam - Onyone - site officiel","description":"Bienvenue dans le monde Ogasaka","publisher":{"@id":"https:\/\/oro-brands.com\/de\/#organization"},"potentialAction":[{"@type":"SearchAction","target":{"@type":"EntryPoint","urlTemplate":"https:\/\/oro-brands.com\/de\/?s={search_term_string}"},"query-input":{"@type":"PropertyValueSpecification","valueRequired":true,"valueName":"search_term_string"}}],"inLanguage":"de"},{"@type":"Organization","@id":"https:\/\/oro-brands.com\/de\/#organization","name":"ORO | Ogasaka - Rexxam - Onyone - site officiel","url":"https:\/\/oro-brands.com\/de\/","logo":{"@type":"ImageObject","inLanguage":"de","@id":"https:\/\/oro-brands.com\/de\/#\/schema\/logo\/image\/","url":"https:\/\/ogasaka-europe.com\/wp-content\/uploads\/2023\/01\/charles.png","contentUrl":"https:\/\/ogasaka-europe.com\/wp-content\/uploads\/2023\/01\/charles.png","width":1163,"height":1163,"caption":"ORO | Ogasaka - Rexxam - Onyone - site officiel"},"image":{"@id":"https:\/\/oro-brands.com\/de\/#\/schema\/logo\/image\/"}}]}},"_links":{"self":[{"href":"https:\/\/oro-brands.com\/de\/wp-json\/wp\/v2\/product\/17311","targetHints":{"allow":["GET"]}}],"collection":[{"href":"https:\/\/oro-brands.com\/de\/wp-json\/wp\/v2\/product"}],"about":[{"href":"https:\/\/oro-brands.com\/de\/wp-json\/wp\/v2\/types\/product"}],"version-history":[{"count":1,"href":"https:\/\/oro-brands.com\/de\/wp-json\/wp\/v2\/product\/17311\/revisions"}],"predecessor-version":[{"id":17315,"href":"https:\/\/oro-brands.com\/de\/wp-json\/wp\/v2\/product\/17311\/revisions\/17315"}],"wp:featuredmedia":[{"embeddable":true,"href":"https:\/\/oro-brands.com\/de\/wp-json\/wp\/v2\/media\/16038"}],"wp:attachment":[{"href":"https:\/\/oro-brands.com\/de\/wp-json\/wp\/v2\/media?parent=17311"}],"wp:term":[{"taxonomy":"product_brand","embeddable":true,"href":"https:\/\/oro-brands.com\/de\/wp-json\/wp\/v2\/product_brand?post=17311"},{"taxonomy":"product_cat","embeddable":true,"href":"https:\/\/oro-brands.com\/de\/wp-json\/wp\/v2\/product_cat?post=17311"},{"taxonomy":"product_tag","embeddable":true,"href":"https:\/\/oro-brands.com\/de\/wp-json\/wp\/v2\/product_tag?post=17311"}],"curies":[{"name":"wp","href":"https:\/\/api.w.org\/{rel}","templated":true}]}}