{"id":17895,"date":"2022-12-07T10:30:48","date_gmt":"2022-12-07T09:30:48","guid":{"rendered":"https:\/\/ogasaka-europe.com\/produit\/r-evo-plus-lady-80\/"},"modified":"2023-01-12T22:19:06","modified_gmt":"2023-01-12T21:19:06","slug":"skischuh-hautnah-r-evo-plus-lady-80","status":"publish","type":"product","link":"https:\/\/oro-brands.com\/de\/produkt\/skischuh-hautnah-r-evo-plus-lady-80\/","title":{"rendered":"R-EVO PLUS LADY 80"},"content":{"rendered":"<p>Hochwertiger Skischuh mit hoher Pr\u00e4zision.<\/p>\n<p>Der R-EVO + Lady ist ein leichter und flexibler Schuh speziell f\u00fcr Frauen.<\/p>\n<p>Dieser Schuh eignet sich perfekt f\u00fcr Frauen, die gerne gro\u00dfe Kurven auf den Boulevards der sch\u00f6nsten Skiorte der Alpen machen.<\/p>\n<p>&nbsp;<\/p>\n<p>Bootfitting ist bei SPR (Ski Pr Renov) in Th\u00f4nes im Schuhpreis inbegriffen.<\/p>\n","protected":false},"excerpt":{"rendered":"<p>Hochwertiger Skischuh mit hoher Pr\u00e4zision. Der R-EVO + Lady ist ein leichter und flexibler Schuh speziell f\u00fcr Frauen. Dieser Schuh<\/p>\n","protected":false},"featured_media":17364,"template":"","meta":[],"product_brand":[],"product_cat":[350],"product_tag":[],"class_list":{"0":"post-17895","1":"product","2":"type-product","3":"status-publish","4":"has-post-thumbnail","6":"product_cat-schuhe","8":"first","9":"instock","10":"taxable","11":"shipping-taxable","12":"purchasable","13":"product-type-variable"},"yoast_head":"<!-- This site is optimized with the Yoast SEO plugin v27.4 - https:\/\/yoast.com\/product\/yoast-seo-wordpress\/ -->\n<title>R-EVO PLUS LADY 80 - ORO | Ogasaka - Rexxam - Onyone - site officiel<\/title>\n<meta name=\"description\" content=\"Der hochwertige und hochpr\u00e4zise Skischuh R-EVO PLUS LADY 80. Der R-EVO PLUS LADY 80 ist ein leichter und flexibler Schuh speziell f\u00fcr Frauen.\" \/>\n<meta name=\"robots\" content=\"index, follow, max-snippet:-1, max-image-preview:large, max-video-preview:-1\" \/>\n<link rel=\"canonical\" href=\"https:\/\/oro-brands.com\/de\/produkt\/skischuh-hautnah-r-evo-plus-lady-80\/\" \/>\n<meta property=\"og:locale\" content=\"de_DE\" \/>\n<meta property=\"og:type\" content=\"article\" \/>\n<meta property=\"og:title\" content=\"R-EVO PLUS LADY 80 - ORO | Ogasaka - Rexxam - Onyone - site officiel\" \/>\n<meta property=\"og:description\" content=\"Der hochwertige und hochpr\u00e4zise Skischuh R-EVO PLUS LADY 80. Der R-EVO PLUS LADY 80 ist ein leichter und flexibler Schuh speziell f\u00fcr Frauen.\" \/>\n<meta property=\"og:url\" content=\"https:\/\/oro-brands.com\/de\/produkt\/skischuh-hautnah-r-evo-plus-lady-80\/\" \/>\n<meta property=\"og:site_name\" content=\"ORO | Ogasaka - Rexxam - Onyone - site officiel\" \/>\n<meta property=\"article:modified_time\" content=\"2023-01-12T21:19:06+00:00\" \/>\n<meta property=\"og:image\" content=\"https:\/\/oro-brands.com\/wp-content\/uploads\/2022\/12\/LADY-80-1-800x800.png\" \/>\n\t<meta property=\"og:image:width\" content=\"800\" \/>\n\t<meta property=\"og:image:height\" content=\"800\" \/>\n\t<meta property=\"og:image:type\" content=\"image\/png\" \/>\n<meta name=\"twitter:card\" content=\"summary_large_image\" \/>\n<script type=\"application\/ld+json\" class=\"yoast-schema-graph\">{\"@context\":\"https:\\\/\\\/schema.org\",\"@graph\":[{\"@type\":\"WebPage\",\"@id\":\"https:\\\/\\\/oro-brands.com\\\/de\\\/produkt\\\/skischuh-hautnah-r-evo-plus-lady-80\\\/\",\"url\":\"https:\\\/\\\/oro-brands.com\\\/de\\\/produkt\\\/skischuh-hautnah-r-evo-plus-lady-80\\\/\",\"name\":\"R-EVO PLUS LADY 80 - ORO | Ogasaka - Rexxam - Onyone - site officiel\",\"isPartOf\":{\"@id\":\"https:\\\/\\\/oro-brands.com\\\/de\\\/#website\"},\"primaryImageOfPage\":{\"@id\":\"https:\\\/\\\/oro-brands.com\\\/de\\\/produkt\\\/skischuh-hautnah-r-evo-plus-lady-80\\\/#primaryimage\"},\"image\":{\"@id\":\"https:\\\/\\\/oro-brands.com\\\/de\\\/produkt\\\/skischuh-hautnah-r-evo-plus-lady-80\\\/#primaryimage\"},\"thumbnailUrl\":\"https:\\\/\\\/oro-brands.com\\\/wp-content\\\/uploads\\\/2022\\\/12\\\/LADY-80-1.png\",\"datePublished\":\"2022-12-07T09:30:48+00:00\",\"dateModified\":\"2023-01-12T21:19:06+00:00\",\"description\":\"Der hochwertige und hochpr\u00e4zise Skischuh R-EVO PLUS LADY 80. Der R-EVO PLUS LADY 80 ist ein leichter und flexibler Schuh speziell f\u00fcr Frauen.\",\"breadcrumb\":{\"@id\":\"https:\\\/\\\/oro-brands.com\\\/de\\\/produkt\\\/skischuh-hautnah-r-evo-plus-lady-80\\\/#breadcrumb\"},\"inLanguage\":\"de\",\"potentialAction\":[{\"@type\":\"ReadAction\",\"target\":[\"https:\\\/\\\/oro-brands.com\\\/de\\\/produkt\\\/skischuh-hautnah-r-evo-plus-lady-80\\\/\"]}]},{\"@type\":\"ImageObject\",\"inLanguage\":\"de\",\"@id\":\"https:\\\/\\\/oro-brands.com\\\/de\\\/produkt\\\/skischuh-hautnah-r-evo-plus-lady-80\\\/#primaryimage\",\"url\":\"https:\\\/\\\/oro-brands.com\\\/wp-content\\\/uploads\\\/2022\\\/12\\\/LADY-80-1.png\",\"contentUrl\":\"https:\\\/\\\/oro-brands.com\\\/wp-content\\\/uploads\\\/2022\\\/12\\\/LADY-80-1.png\",\"width\":2000,\"height\":2000},{\"@type\":\"BreadcrumbList\",\"@id\":\"https:\\\/\\\/oro-brands.com\\\/de\\\/produkt\\\/skischuh-hautnah-r-evo-plus-lady-80\\\/#breadcrumb\",\"itemListElement\":[{\"@type\":\"ListItem\",\"position\":1,\"name\":\"Accueil\",\"item\":\"https:\\\/\\\/oro-brands.com\\\/de\\\/home-ogasaka\\\/\"},{\"@type\":\"ListItem\",\"position\":2,\"name\":\"Shop\",\"item\":\"https:\\\/\\\/oro-brands.com\\\/de\\\/einkaufen\\\/\"},{\"@type\":\"ListItem\",\"position\":3,\"name\":\"R-EVO PLUS LADY 80\"}]},{\"@type\":\"WebSite\",\"@id\":\"https:\\\/\\\/oro-brands.com\\\/de\\\/#website\",\"url\":\"https:\\\/\\\/oro-brands.com\\\/de\\\/\",\"name\":\"ORO | Ogasaka - Rexxam - Onyone - site officiel\",\"description\":\"Bienvenue dans le monde Ogasaka\",\"publisher\":{\"@id\":\"https:\\\/\\\/oro-brands.com\\\/de\\\/#organization\"},\"potentialAction\":[{\"@type\":\"SearchAction\",\"target\":{\"@type\":\"EntryPoint\",\"urlTemplate\":\"https:\\\/\\\/oro-brands.com\\\/de\\\/?s={search_term_string}\"},\"query-input\":{\"@type\":\"PropertyValueSpecification\",\"valueRequired\":true,\"valueName\":\"search_term_string\"}}],\"inLanguage\":\"de\"},{\"@type\":\"Organization\",\"@id\":\"https:\\\/\\\/oro-brands.com\\\/de\\\/#organization\",\"name\":\"ORO | Ogasaka - Rexxam - Onyone - site officiel\",\"url\":\"https:\\\/\\\/oro-brands.com\\\/de\\\/\",\"logo\":{\"@type\":\"ImageObject\",\"inLanguage\":\"de\",\"@id\":\"https:\\\/\\\/oro-brands.com\\\/de\\\/#\\\/schema\\\/logo\\\/image\\\/\",\"url\":\"https:\\\/\\\/ogasaka-europe.com\\\/wp-content\\\/uploads\\\/2023\\\/01\\\/charles.png\",\"contentUrl\":\"https:\\\/\\\/ogasaka-europe.com\\\/wp-content\\\/uploads\\\/2023\\\/01\\\/charles.png\",\"width\":1163,\"height\":1163,\"caption\":\"ORO | Ogasaka - Rexxam - Onyone - site officiel\"},\"image\":{\"@id\":\"https:\\\/\\\/oro-brands.com\\\/de\\\/#\\\/schema\\\/logo\\\/image\\\/\"}}]}<\/script>\n<!-- \/ Yoast SEO plugin. -->","yoast_head_json":{"title":"R-EVO PLUS LADY 80 - ORO | Ogasaka - Rexxam - Onyone - site officiel","description":"Der hochwertige und hochpr\u00e4zise Skischuh R-EVO PLUS LADY 80. Der R-EVO PLUS LADY 80 ist ein leichter und flexibler Schuh speziell f\u00fcr Frauen.","robots":{"index":"index","follow":"follow","max-snippet":"max-snippet:-1","max-image-preview":"max-image-preview:large","max-video-preview":"max-video-preview:-1"},"canonical":"https:\/\/oro-brands.com\/de\/produkt\/skischuh-hautnah-r-evo-plus-lady-80\/","og_locale":"de_DE","og_type":"article","og_title":"R-EVO PLUS LADY 80 - ORO | Ogasaka - Rexxam - Onyone - site officiel","og_description":"Der hochwertige und hochpr\u00e4zise Skischuh R-EVO PLUS LADY 80. Der R-EVO PLUS LADY 80 ist ein leichter und flexibler Schuh speziell f\u00fcr Frauen.","og_url":"https:\/\/oro-brands.com\/de\/produkt\/skischuh-hautnah-r-evo-plus-lady-80\/","og_site_name":"ORO | Ogasaka - Rexxam - Onyone - site officiel","article_modified_time":"2023-01-12T21:19:06+00:00","og_image":[{"width":800,"height":800,"url":"https:\/\/oro-brands.com\/wp-content\/uploads\/2022\/12\/LADY-80-1-800x800.png","type":"image\/png"}],"twitter_card":"summary_large_image","schema":{"@context":"https:\/\/schema.org","@graph":[{"@type":"WebPage","@id":"https:\/\/oro-brands.com\/de\/produkt\/skischuh-hautnah-r-evo-plus-lady-80\/","url":"https:\/\/oro-brands.com\/de\/produkt\/skischuh-hautnah-r-evo-plus-lady-80\/","name":"R-EVO PLUS LADY 80 - ORO | Ogasaka - Rexxam - Onyone - site officiel","isPartOf":{"@id":"https:\/\/oro-brands.com\/de\/#website"},"primaryImageOfPage":{"@id":"https:\/\/oro-brands.com\/de\/produkt\/skischuh-hautnah-r-evo-plus-lady-80\/#primaryimage"},"image":{"@id":"https:\/\/oro-brands.com\/de\/produkt\/skischuh-hautnah-r-evo-plus-lady-80\/#primaryimage"},"thumbnailUrl":"https:\/\/oro-brands.com\/wp-content\/uploads\/2022\/12\/LADY-80-1.png","datePublished":"2022-12-07T09:30:48+00:00","dateModified":"2023-01-12T21:19:06+00:00","description":"Der hochwertige und hochpr\u00e4zise Skischuh R-EVO PLUS LADY 80. Der R-EVO PLUS LADY 80 ist ein leichter und flexibler Schuh speziell f\u00fcr Frauen.","breadcrumb":{"@id":"https:\/\/oro-brands.com\/de\/produkt\/skischuh-hautnah-r-evo-plus-lady-80\/#breadcrumb"},"inLanguage":"de","potentialAction":[{"@type":"ReadAction","target":["https:\/\/oro-brands.com\/de\/produkt\/skischuh-hautnah-r-evo-plus-lady-80\/"]}]},{"@type":"ImageObject","inLanguage":"de","@id":"https:\/\/oro-brands.com\/de\/produkt\/skischuh-hautnah-r-evo-plus-lady-80\/#primaryimage","url":"https:\/\/oro-brands.com\/wp-content\/uploads\/2022\/12\/LADY-80-1.png","contentUrl":"https:\/\/oro-brands.com\/wp-content\/uploads\/2022\/12\/LADY-80-1.png","width":2000,"height":2000},{"@type":"BreadcrumbList","@id":"https:\/\/oro-brands.com\/de\/produkt\/skischuh-hautnah-r-evo-plus-lady-80\/#breadcrumb","itemListElement":[{"@type":"ListItem","position":1,"name":"Accueil","item":"https:\/\/oro-brands.com\/de\/home-ogasaka\/"},{"@type":"ListItem","position":2,"name":"Shop","item":"https:\/\/oro-brands.com\/de\/einkaufen\/"},{"@type":"ListItem","position":3,"name":"R-EVO PLUS LADY 80"}]},{"@type":"WebSite","@id":"https:\/\/oro-brands.com\/de\/#website","url":"https:\/\/oro-brands.com\/de\/","name":"ORO | Ogasaka - Rexxam - Onyone - site officiel","description":"Bienvenue dans le monde Ogasaka","publisher":{"@id":"https:\/\/oro-brands.com\/de\/#organization"},"potentialAction":[{"@type":"SearchAction","target":{"@type":"EntryPoint","urlTemplate":"https:\/\/oro-brands.com\/de\/?s={search_term_string}"},"query-input":{"@type":"PropertyValueSpecification","valueRequired":true,"valueName":"search_term_string"}}],"inLanguage":"de"},{"@type":"Organization","@id":"https:\/\/oro-brands.com\/de\/#organization","name":"ORO | Ogasaka - Rexxam - Onyone - site officiel","url":"https:\/\/oro-brands.com\/de\/","logo":{"@type":"ImageObject","inLanguage":"de","@id":"https:\/\/oro-brands.com\/de\/#\/schema\/logo\/image\/","url":"https:\/\/ogasaka-europe.com\/wp-content\/uploads\/2023\/01\/charles.png","contentUrl":"https:\/\/ogasaka-europe.com\/wp-content\/uploads\/2023\/01\/charles.png","width":1163,"height":1163,"caption":"ORO | Ogasaka - Rexxam - Onyone - site officiel"},"image":{"@id":"https:\/\/oro-brands.com\/de\/#\/schema\/logo\/image\/"}}]}},"_links":{"self":[{"href":"https:\/\/oro-brands.com\/de\/wp-json\/wp\/v2\/product\/17895","targetHints":{"allow":["GET"]}}],"collection":[{"href":"https:\/\/oro-brands.com\/de\/wp-json\/wp\/v2\/product"}],"about":[{"href":"https:\/\/oro-brands.com\/de\/wp-json\/wp\/v2\/types\/product"}],"version-history":[{"count":1,"href":"https:\/\/oro-brands.com\/de\/wp-json\/wp\/v2\/product\/17895\/revisions"}],"predecessor-version":[{"id":18040,"href":"https:\/\/oro-brands.com\/de\/wp-json\/wp\/v2\/product\/17895\/revisions\/18040"}],"wp:featuredmedia":[{"embeddable":true,"href":"https:\/\/oro-brands.com\/de\/wp-json\/wp\/v2\/media\/17364"}],"wp:attachment":[{"href":"https:\/\/oro-brands.com\/de\/wp-json\/wp\/v2\/media?parent=17895"}],"wp:term":[{"taxonomy":"product_brand","embeddable":true,"href":"https:\/\/oro-brands.com\/de\/wp-json\/wp\/v2\/product_brand?post=17895"},{"taxonomy":"product_cat","embeddable":true,"href":"https:\/\/oro-brands.com\/de\/wp-json\/wp\/v2\/product_cat?post=17895"},{"taxonomy":"product_tag","embeddable":true,"href":"https:\/\/oro-brands.com\/de\/wp-json\/wp\/v2\/product_tag?post=17895"}],"curies":[{"name":"wp","href":"https:\/\/api.w.org\/{rel}","templated":true}]}}